{"id":3282,"date":"2021-04-07T16:11:58","date_gmt":"2021-04-07T13:11:58","guid":{"rendered":"https:\/\/moderator.ee\/?post_type=product&#038;p=3282"},"modified":"2026-03-18T13:53:15","modified_gmt":"2026-03-18T11:53:15","slug":"moderator-pelletipoleti-60","status":"publish","type":"product","link":"https:\/\/moderator.ee\/en\/toode\/moderator-pelletipoleti-60\/","title":{"rendered":"Moderator pelletip\u00f5leti 60"},"content":{"rendered":"<table>\n<tbody>\n<tr>\n<td>V\u00f5imsus<\/td>\n<td>18-60 kw<\/td>\n<\/tr>\n<tr>\n<td>Soovitatav katla v\u00f5imsus<\/td>\n<td>30-55kw<\/td>\n<\/tr>\n<tr>\n<td>Elektrivool<\/td>\n<td>230V\/50Hz<\/td>\n<\/tr>\n<tr>\n<td>Keskmine voolutarve<\/td>\n<td>110 w<\/td>\n<\/tr>\n<tr>\n<td>Maksimaalne voolutarve<\/td>\n<td>280 w<\/td>\n<\/tr>\n<tr>\n<td>Kaal<\/td>\n<td>28 kg<\/td>\n<\/tr>\n<\/tbody>\n<\/table>\n","protected":false},"excerpt":{"rendered":"<div class=\"woocommerce-product-details__short-description\">\n<p>Pelletip\u00f5leti Moderator Komplekt<\/p>\n<ul>\n<li>2 kordse puhastus\u00fcsteemiga p\u00f5lemiskamber (esmane p\u00f5lemiskambris, teine p\u00f5lemiskambri all)<\/li>\n<li>keraamiline s\u00fc\u00fctaja<\/li>\n<li>lisa etteandes\u00fcsteem p\u00f5lemiskambris<\/li>\n<li>multifunktsionaalne juhtimisautomaatika (ecomax 850 P),eesti keelne<\/li>\n<li>internetimoodul (lisa)<\/li>\n<li>ruumitermostaat (lisa)<\/li>\n<\/ul>\n<p><strong>Komplektis:P\u00f5leti, automaatika, etteandetigu 1,8m<\/strong><\/p>\n<\/div>\n","protected":false},"featured_media":2965,"comment_status":"closed","ping_status":"closed","template":"","meta":[],"product_brand":[],"product_cat":[34],"product_tag":[],"class_list":{"0":"post-3282","1":"product","2":"type-product","3":"status-publish","4":"has-post-thumbnail","6":"product_cat-pelletipoletid","8":"first","9":"outofstock","10":"taxable","11":"shipping-taxable","12":"purchasable","13":"product-type-simple"},"yoast_head":"<!-- This site is optimized with the Yoast SEO plugin v27.5 - https:\/\/yoast.com\/product\/yoast-seo-wordpress\/ -->\n<title>Moderator pelletip\u00f5leti 60 - Keskonnas\u00f5bralikud k\u00fcttes\u00fcsteemid<\/title>\n<meta name=\"robots\" content=\"index, follow, max-snippet:-1, max-image-preview:large, max-video-preview:-1\" \/>\n<link rel=\"canonical\" href=\"https:\/\/moderator.ee\/toode\/moderator-pelletipoleti-60\/\" \/>\n<meta property=\"og:locale\" content=\"en_US\" \/>\n<meta property=\"og:type\" content=\"article\" \/>\n<meta property=\"og:title\" content=\"Moderator pelletip\u00f5leti 60 - Keskonnas\u00f5bralikud k\u00fcttes\u00fcsteemid\" \/>\n<meta property=\"og:description\" content=\"Pelletip\u00f5leti Moderator Komplekt   2 kordse puhastus\u00fcsteemiga p\u00f5lemiskamber (esmane p\u00f5lemiskambris, teine p\u00f5lemiskambri all)  keraamiline s\u00fc\u00fctaja  lisa etteandes\u00fcsteem p\u00f5lemiskambris  multifunktsionaalne juhtimisautomaatika (ecomax 850 P),eesti keelne  internetimoodul (lisa)  ruumitermostaat (lisa)  Komplektis:P\u00f5leti, automaatika, etteandetigu 1,8m\" \/>\n<meta property=\"og:url\" content=\"https:\/\/moderator.ee\/toode\/moderator-pelletipoleti-60\/\" \/>\n<meta property=\"og:site_name\" content=\"Keskonnas\u00f5bralikud k\u00fcttes\u00fcsteemid\" \/>\n<meta property=\"article:publisher\" content=\"https:\/\/www.facebook.com\/Moderator-O%c3%9c-652151178237147\/?fref=ts\" \/>\n<meta property=\"article:modified_time\" content=\"2026-03-18T11:53:15+00:00\" \/>\n<meta property=\"og:image\" content=\"https:\/\/moderator.ee\/wp-content\/uploads\/2021\/03\/2.jpg\" \/>\n\t<meta property=\"og:image:width\" content=\"720\" \/>\n\t<meta property=\"og:image:height\" content=\"720\" \/>\n\t<meta property=\"og:image:type\" content=\"image\/jpeg\" \/>\n<meta name=\"twitter:card\" content=\"summary_large_image\" \/>\n<meta name=\"twitter:label1\" content=\"Est. reading time\" \/>\n\t<meta name=\"twitter:data1\" content=\"1 minute\" \/>\n<script type=\"application\/ld+json\" class=\"yoast-schema-graph\">{\"@context\":\"https:\\\/\\\/schema.org\",\"@graph\":[{\"@type\":\"WebPage\",\"@id\":\"https:\\\/\\\/moderator.ee\\\/toode\\\/moderator-pelletipoleti-60\\\/\",\"url\":\"https:\\\/\\\/moderator.ee\\\/toode\\\/moderator-pelletipoleti-60\\\/\",\"name\":\"Moderator pelletip\u00f5leti 60 - Keskonnas\u00f5bralikud k\u00fcttes\u00fcsteemid\",\"isPartOf\":{\"@id\":\"https:\\\/\\\/moderator.ee\\\/#website\"},\"primaryImageOfPage\":{\"@id\":\"https:\\\/\\\/moderator.ee\\\/toode\\\/moderator-pelletipoleti-60\\\/#primaryimage\"},\"image\":{\"@id\":\"https:\\\/\\\/moderator.ee\\\/toode\\\/moderator-pelletipoleti-60\\\/#primaryimage\"},\"thumbnailUrl\":\"https:\\\/\\\/moderator.ee\\\/wp-content\\\/uploads\\\/2021\\\/03\\\/2.jpg\",\"datePublished\":\"2021-04-07T13:11:58+00:00\",\"dateModified\":\"2026-03-18T11:53:15+00:00\",\"breadcrumb\":{\"@id\":\"https:\\\/\\\/moderator.ee\\\/toode\\\/moderator-pelletipoleti-60\\\/#breadcrumb\"},\"inLanguage\":\"en-US\",\"potentialAction\":[{\"@type\":\"ReadAction\",\"target\":[\"https:\\\/\\\/moderator.ee\\\/toode\\\/moderator-pelletipoleti-60\\\/\"]}]},{\"@type\":\"ImageObject\",\"inLanguage\":\"en-US\",\"@id\":\"https:\\\/\\\/moderator.ee\\\/toode\\\/moderator-pelletipoleti-60\\\/#primaryimage\",\"url\":\"https:\\\/\\\/moderator.ee\\\/wp-content\\\/uploads\\\/2021\\\/03\\\/2.jpg\",\"contentUrl\":\"https:\\\/\\\/moderator.ee\\\/wp-content\\\/uploads\\\/2021\\\/03\\\/2.jpg\",\"width\":720,\"height\":720,\"caption\":\"Moderator pelletip\u00f5leti 30\"},{\"@type\":\"BreadcrumbList\",\"@id\":\"https:\\\/\\\/moderator.ee\\\/toode\\\/moderator-pelletipoleti-60\\\/#breadcrumb\",\"itemListElement\":[{\"@type\":\"ListItem\",\"position\":1,\"name\":\"Home\",\"item\":\"https:\\\/\\\/moderator.ee\\\/\"},{\"@type\":\"ListItem\",\"position\":2,\"name\":\"Pood\",\"item\":\"https:\\\/\\\/moderator.ee\\\/pood\\\/\"},{\"@type\":\"ListItem\",\"position\":3,\"name\":\"Moderator pelletip\u00f5leti 60\"}]},{\"@type\":\"WebSite\",\"@id\":\"https:\\\/\\\/moderator.ee\\\/#website\",\"url\":\"https:\\\/\\\/moderator.ee\\\/\",\"name\":\"Keskonnas\u00f5bralikud k\u00fcttes\u00fcsteemid\",\"description\":\"Moderator O\u00dc  keskonnas\u00f5bralikud ja \u00f6konoomsed k\u00fcttes\u00fcsteemid\",\"publisher\":{\"@id\":\"https:\\\/\\\/moderator.ee\\\/#organization\"},\"potentialAction\":[{\"@type\":\"SearchAction\",\"target\":{\"@type\":\"EntryPoint\",\"urlTemplate\":\"https:\\\/\\\/moderator.ee\\\/?s={search_term_string}\"},\"query-input\":{\"@type\":\"PropertyValueSpecification\",\"valueRequired\":true,\"valueName\":\"search_term_string\"}}],\"inLanguage\":\"en-US\"},{\"@type\":\"Organization\",\"@id\":\"https:\\\/\\\/moderator.ee\\\/#organization\",\"name\":\"Moderator O\u00fc\",\"url\":\"https:\\\/\\\/moderator.ee\\\/\",\"logo\":{\"@type\":\"ImageObject\",\"inLanguage\":\"en-US\",\"@id\":\"https:\\\/\\\/moderator.ee\\\/#\\\/schema\\\/logo\\\/image\\\/\",\"url\":\"https:\\\/\\\/moderator.ee\\\/wp-content\\\/uploads\\\/2016\\\/04\\\/Logog.png\",\"contentUrl\":\"https:\\\/\\\/moderator.ee\\\/wp-content\\\/uploads\\\/2016\\\/04\\\/Logog.png\",\"width\":740,\"height\":705,\"caption\":\"Moderator O\u00fc\"},\"image\":{\"@id\":\"https:\\\/\\\/moderator.ee\\\/#\\\/schema\\\/logo\\\/image\\\/\"},\"sameAs\":[\"https:\\\/\\\/www.facebook.com\\\/Moderator-O\u00dc-652151178237147\\\/?fref=ts\",\"https:\\\/\\\/youtu.be\\\/dC08JlNnEA0\"]}]}<\/script>\n<!-- \/ Yoast SEO plugin. -->","yoast_head_json":{"title":"Moderator pelletip\u00f5leti 60 - Keskonnas\u00f5bralikud k\u00fcttes\u00fcsteemid","robots":{"index":"index","follow":"follow","max-snippet":"max-snippet:-1","max-image-preview":"max-image-preview:large","max-video-preview":"max-video-preview:-1"},"canonical":"https:\/\/moderator.ee\/toode\/moderator-pelletipoleti-60\/","og_locale":"en_US","og_type":"article","og_title":"Moderator pelletip\u00f5leti 60 - Keskonnas\u00f5bralikud k\u00fcttes\u00fcsteemid","og_description":"Pelletip\u00f5leti Moderator Komplekt   2 kordse puhastus\u00fcsteemiga p\u00f5lemiskamber (esmane p\u00f5lemiskambris, teine p\u00f5lemiskambri all)  keraamiline s\u00fc\u00fctaja  lisa etteandes\u00fcsteem p\u00f5lemiskambris  multifunktsionaalne juhtimisautomaatika (ecomax 850 P),eesti keelne  internetimoodul (lisa)  ruumitermostaat (lisa)  Komplektis:P\u00f5leti, automaatika, etteandetigu 1,8m","og_url":"https:\/\/moderator.ee\/toode\/moderator-pelletipoleti-60\/","og_site_name":"Keskonnas\u00f5bralikud k\u00fcttes\u00fcsteemid","article_publisher":"https:\/\/www.facebook.com\/Moderator-O%c3%9c-652151178237147\/?fref=ts","article_modified_time":"2026-03-18T11:53:15+00:00","og_image":[{"width":720,"height":720,"url":"https:\/\/moderator.ee\/wp-content\/uploads\/2021\/03\/2.jpg","type":"image\/jpeg"}],"twitter_card":"summary_large_image","twitter_misc":{"Est. reading time":"1 minute"},"schema":{"@context":"https:\/\/schema.org","@graph":[{"@type":"WebPage","@id":"https:\/\/moderator.ee\/toode\/moderator-pelletipoleti-60\/","url":"https:\/\/moderator.ee\/toode\/moderator-pelletipoleti-60\/","name":"Moderator pelletip\u00f5leti 60 - Keskonnas\u00f5bralikud k\u00fcttes\u00fcsteemid","isPartOf":{"@id":"https:\/\/moderator.ee\/#website"},"primaryImageOfPage":{"@id":"https:\/\/moderator.ee\/toode\/moderator-pelletipoleti-60\/#primaryimage"},"image":{"@id":"https:\/\/moderator.ee\/toode\/moderator-pelletipoleti-60\/#primaryimage"},"thumbnailUrl":"https:\/\/moderator.ee\/wp-content\/uploads\/2021\/03\/2.jpg","datePublished":"2021-04-07T13:11:58+00:00","dateModified":"2026-03-18T11:53:15+00:00","breadcrumb":{"@id":"https:\/\/moderator.ee\/toode\/moderator-pelletipoleti-60\/#breadcrumb"},"inLanguage":"en-US","potentialAction":[{"@type":"ReadAction","target":["https:\/\/moderator.ee\/toode\/moderator-pelletipoleti-60\/"]}]},{"@type":"ImageObject","inLanguage":"en-US","@id":"https:\/\/moderator.ee\/toode\/moderator-pelletipoleti-60\/#primaryimage","url":"https:\/\/moderator.ee\/wp-content\/uploads\/2021\/03\/2.jpg","contentUrl":"https:\/\/moderator.ee\/wp-content\/uploads\/2021\/03\/2.jpg","width":720,"height":720,"caption":"Moderator pelletip\u00f5leti 30"},{"@type":"BreadcrumbList","@id":"https:\/\/moderator.ee\/toode\/moderator-pelletipoleti-60\/#breadcrumb","itemListElement":[{"@type":"ListItem","position":1,"name":"Home","item":"https:\/\/moderator.ee\/"},{"@type":"ListItem","position":2,"name":"Pood","item":"https:\/\/moderator.ee\/pood\/"},{"@type":"ListItem","position":3,"name":"Moderator pelletip\u00f5leti 60"}]},{"@type":"WebSite","@id":"https:\/\/moderator.ee\/#website","url":"https:\/\/moderator.ee\/","name":"Keskonnas\u00f5bralikud k\u00fcttes\u00fcsteemid","description":"Moderator O\u00dc  keskonnas\u00f5bralikud ja \u00f6konoomsed k\u00fcttes\u00fcsteemid","publisher":{"@id":"https:\/\/moderator.ee\/#organization"},"potentialAction":[{"@type":"SearchAction","target":{"@type":"EntryPoint","urlTemplate":"https:\/\/moderator.ee\/?s={search_term_string}"},"query-input":{"@type":"PropertyValueSpecification","valueRequired":true,"valueName":"search_term_string"}}],"inLanguage":"en-US"},{"@type":"Organization","@id":"https:\/\/moderator.ee\/#organization","name":"Moderator O\u00fc","url":"https:\/\/moderator.ee\/","logo":{"@type":"ImageObject","inLanguage":"en-US","@id":"https:\/\/moderator.ee\/#\/schema\/logo\/image\/","url":"https:\/\/moderator.ee\/wp-content\/uploads\/2016\/04\/Logog.png","contentUrl":"https:\/\/moderator.ee\/wp-content\/uploads\/2016\/04\/Logog.png","width":740,"height":705,"caption":"Moderator O\u00fc"},"image":{"@id":"https:\/\/moderator.ee\/#\/schema\/logo\/image\/"},"sameAs":["https:\/\/www.facebook.com\/Moderator-O\u00dc-652151178237147\/?fref=ts","https:\/\/youtu.be\/dC08JlNnEA0"]}]}},"_links":{"self":[{"href":"https:\/\/moderator.ee\/en\/wp-json\/wp\/v2\/product\/3282","targetHints":{"allow":["GET"]}}],"collection":[{"href":"https:\/\/moderator.ee\/en\/wp-json\/wp\/v2\/product"}],"about":[{"href":"https:\/\/moderator.ee\/en\/wp-json\/wp\/v2\/types\/product"}],"replies":[{"embeddable":true,"href":"https:\/\/moderator.ee\/en\/wp-json\/wp\/v2\/comments?post=3282"}],"wp:featuredmedia":[{"embeddable":true,"href":"https:\/\/moderator.ee\/en\/wp-json\/wp\/v2\/media\/2965"}],"wp:attachment":[{"href":"https:\/\/moderator.ee\/en\/wp-json\/wp\/v2\/media?parent=3282"}],"wp:term":[{"taxonomy":"product_brand","embeddable":true,"href":"https:\/\/moderator.ee\/en\/wp-json\/wp\/v2\/product_brand?post=3282"},{"taxonomy":"product_cat","embeddable":true,"href":"https:\/\/moderator.ee\/en\/wp-json\/wp\/v2\/product_cat?post=3282"},{"taxonomy":"product_tag","embeddable":true,"href":"https:\/\/moderator.ee\/en\/wp-json\/wp\/v2\/product_tag?post=3282"}],"curies":[{"name":"wp","href":"https:\/\/api.w.org\/{rel}","templated":true}]}}