{"id":3356,"date":"2021-04-14T11:46:12","date_gmt":"2021-04-14T08:46:12","guid":{"rendered":"https:\/\/moderator.ee\/?post_type=product&#038;p=3356"},"modified":"2026-03-25T09:16:03","modified_gmt":"2026-03-25T07:16:03","slug":"pellasx-pelletipoleti-revo-mini","status":"publish","type":"product","link":"https:\/\/moderator.ee\/en\/toode\/pellasx-pelletipoleti-revo-mini\/","title":{"rendered":"PellasX pelletip\u00f5leti REVO mini"},"content":{"rendered":"<div id=\"tab-a6fccb4af70ccb0cd77\" class=\"tab-pane fade fusion-clearfix in active\" tabindex=\"0\" role=\"tabpanel\" aria-labelledby=\"fusion-tab-p\u00f5hiandmed\">\n<div id=\"tab-id-1-container\" class=\"tab_content active_tab_content\">\n<div class=\"tab_inner_content invers-color\">\n<ul>\n<li><strong>T\u00fc\u00fcp REVO mini<br \/>\n<\/strong><\/li>\n<li><strong>V\u00f5imsus 5 \u2013 26 kW<\/strong><\/li>\n<li><strong>Toide 230 V AC \/ 50 Hz<\/strong><\/li>\n<li><strong>Keskmine v\u00f5imsustarve 50 W<\/strong><\/li>\n<li><strong>Kaal 15 kg<\/strong><\/li>\n<li><strong>Teo pikkus 2 m<\/strong><\/li>\n<li><strong>K\u00fctus pellet 6 \u2013 8mm<\/strong><\/li>\n<li><strong>P\u00f5lemise efektiivsus kuni 99%<\/strong><\/li>\n<li><strong>Ahju efektiivsus\u00a0kuni 96%<\/strong><\/li>\n<li><strong>V\u00e4ljundi seadistus JAH<\/strong><\/li>\n<li><strong>Lambda andur JAH (valikuline)<\/strong><\/li>\n<li><strong>Keskk\u00fctte s\u00fcsteemi pumba juhtimine JAH<\/strong><\/li>\n<li><strong>Sooja vee pumba juhtimine JAH\u00a0<\/strong><\/li>\n<li><strong>Toa temperatuuri sensor JAH (valikuline)<\/strong><\/li>\n<li><strong>Ilmastiku automaatne kontroll JAH (valikuline)<\/strong><\/li>\n<li><strong>P\u00e4ikesepaneelide juhtimine JAH (valikuline)<\/strong><\/li>\n<\/ul>\n<blockquote class=\"wp-embedded-content\" data-secret=\"jFtVEZ59v3\"><p><a href=\"https:\/\/pellasx.ee\/revo-mini\/\">Revo Mini<\/a><\/p><\/blockquote>\n<p><iframe class=\"wp-embedded-content\" sandbox=\"allow-scripts\" security=\"restricted\" style=\"position: absolute; clip: rect(1px, 1px, 1px, 1px);\" title=\"&#8220;Revo Mini&#8221; &#8212; Pellasx Eesti\" src=\"https:\/\/pellasx.ee\/revo-mini\/embed\/#?secret=jFtVEZ59v3\" data-secret=\"jFtVEZ59v3\" width=\"600\" height=\"338\" frameborder=\"0\" marginwidth=\"0\" marginheight=\"0\" scrolling=\"no\"><\/iframe><\/p>\n<\/div>\n<\/div>\n<\/div>\n","protected":false},"excerpt":{"rendered":"<div class=\"fusion-li-item-content\">\n<h2><strong>Komplekt:P\u00f5leti, automaatika(eesti keelne, puutetundlik), etteandetigu 2m<\/strong><\/h2>\n<p style=\"text-align: center;\"><strong>V\u00f5imsus: 5- 26 kw<\/strong><\/p>\n<ul>\n<li><strong>P\u00f6\u00f6rlev p\u00f5lemiskamber<\/strong><\/li>\n<li><strong>Incrox metallist p\u00f5lemiskamber<\/strong><\/li>\n<li><strong>Laiendustoru s\u00fcsteem<\/strong><\/li>\n<li><strong>P\u00f5lemiskambrisse t\u00e4pse \u00f5hu suunamise s\u00fcsteem.<\/strong><\/li>\n<li><strong>H\u00fcbriidajam<\/strong><\/li>\n<li><strong>\u00dcler\u00f5hu p\u00f5lemise s\u00fcsteem<\/strong><\/li>\n<li><strong>Kiirlukustus s\u00fc\u00fctepulgal<\/strong><\/li>\n<li><strong>X.Plug s\u00fcsteem<\/strong><\/li>\n<li><strong>X.Shell s\u00fcsteem<\/strong><\/li>\n<li><strong>X.Gnite s\u00fcsteem<\/strong><\/li>\n<li><strong>Ohutuss\u00fcsteemid<\/strong><\/li>\n<\/ul>\n<\/div>\n","protected":false},"featured_media":4403,"comment_status":"closed","ping_status":"closed","template":"","meta":[],"product_brand":[],"product_cat":[49,34,53],"product_tag":[],"class_list":{"0":"post-3356","1":"product","2":"type-product","3":"status-publish","4":"has-post-thumbnail","6":"product_cat-pellasx","7":"product_cat-pelletipoletid","8":"product_cat-r-stiil","9":"product_shipping_class-kokkuleppel","11":"first","12":"instock","13":"featured","14":"taxable","15":"shipping-taxable","16":"purchasable","17":"product-type-simple"},"yoast_head":"<!-- This site is optimized with the Yoast SEO plugin v27.5 - https:\/\/yoast.com\/product\/yoast-seo-wordpress\/ -->\n<title>PellasX pelletip\u00f5leti REVO mini - Keskonnas\u00f5bralikud k\u00fcttes\u00fcsteemid<\/title>\n<meta name=\"description\" content=\"PellasX isepuhastuv pelletip\u00f5leti v\u00f5imsusega 5-26 kw koos puutetundliku ekraani(eesti keelne) ja 2m etteandeteoga.\" \/>\n<meta name=\"robots\" content=\"index, follow, max-snippet:-1, max-image-preview:large, max-video-preview:-1\" \/>\n<link rel=\"canonical\" href=\"https:\/\/moderator.ee\/toode\/pellasx-pelletipoleti-revo-mini\/\" \/>\n<meta property=\"og:locale\" content=\"en_US\" \/>\n<meta property=\"og:type\" content=\"article\" \/>\n<meta property=\"og:title\" content=\"PellasX pelletip\u00f5leti REVO mini - Keskonnas\u00f5bralikud k\u00fcttes\u00fcsteemid\" \/>\n<meta property=\"og:description\" content=\"PellasX isepuhastuv pelletip\u00f5leti v\u00f5imsusega 5-26 kw koos puutetundliku ekraani(eesti keelne) ja 2m etteandeteoga.\" \/>\n<meta property=\"og:url\" content=\"https:\/\/moderator.ee\/toode\/pellasx-pelletipoleti-revo-mini\/\" \/>\n<meta property=\"og:site_name\" content=\"Keskonnas\u00f5bralikud k\u00fcttes\u00fcsteemid\" \/>\n<meta property=\"article:publisher\" content=\"https:\/\/www.facebook.com\/Moderator-O%c3%9c-652151178237147\/?fref=ts\" \/>\n<meta property=\"article:modified_time\" content=\"2026-03-25T07:16:03+00:00\" \/>\n<meta property=\"og:image\" content=\"https:\/\/moderator.ee\/wp-content\/uploads\/2021\/04\/palnik-revo-mini-1-1.png\" \/>\n\t<meta property=\"og:image:width\" content=\"1310\" \/>\n\t<meta property=\"og:image:height\" content=\"976\" \/>\n\t<meta property=\"og:image:type\" content=\"image\/png\" \/>\n<meta name=\"twitter:card\" content=\"summary_large_image\" \/>\n<meta name=\"twitter:label1\" content=\"Est. reading time\" \/>\n\t<meta name=\"twitter:data1\" content=\"1 minute\" \/>\n<script type=\"application\/ld+json\" class=\"yoast-schema-graph\">{\"@context\":\"https:\\\/\\\/schema.org\",\"@graph\":[{\"@type\":\"WebPage\",\"@id\":\"https:\\\/\\\/moderator.ee\\\/toode\\\/pellasx-pelletipoleti-revo-mini\\\/\",\"url\":\"https:\\\/\\\/moderator.ee\\\/toode\\\/pellasx-pelletipoleti-revo-mini\\\/\",\"name\":\"PellasX pelletip\u00f5leti REVO mini - Keskonnas\u00f5bralikud k\u00fcttes\u00fcsteemid\",\"isPartOf\":{\"@id\":\"https:\\\/\\\/moderator.ee\\\/#website\"},\"primaryImageOfPage\":{\"@id\":\"https:\\\/\\\/moderator.ee\\\/toode\\\/pellasx-pelletipoleti-revo-mini\\\/#primaryimage\"},\"image\":{\"@id\":\"https:\\\/\\\/moderator.ee\\\/toode\\\/pellasx-pelletipoleti-revo-mini\\\/#primaryimage\"},\"thumbnailUrl\":\"https:\\\/\\\/moderator.ee\\\/wp-content\\\/uploads\\\/2021\\\/04\\\/palnik-revo-mini-1-1.png\",\"datePublished\":\"2021-04-14T08:46:12+00:00\",\"dateModified\":\"2026-03-25T07:16:03+00:00\",\"description\":\"PellasX isepuhastuv pelletip\u00f5leti v\u00f5imsusega 5-26 kw koos puutetundliku ekraani(eesti keelne) ja 2m etteandeteoga.\",\"breadcrumb\":{\"@id\":\"https:\\\/\\\/moderator.ee\\\/toode\\\/pellasx-pelletipoleti-revo-mini\\\/#breadcrumb\"},\"inLanguage\":\"en-US\",\"potentialAction\":[{\"@type\":\"ReadAction\",\"target\":[\"https:\\\/\\\/moderator.ee\\\/toode\\\/pellasx-pelletipoleti-revo-mini\\\/\"]}]},{\"@type\":\"ImageObject\",\"inLanguage\":\"en-US\",\"@id\":\"https:\\\/\\\/moderator.ee\\\/toode\\\/pellasx-pelletipoleti-revo-mini\\\/#primaryimage\",\"url\":\"https:\\\/\\\/moderator.ee\\\/wp-content\\\/uploads\\\/2021\\\/04\\\/palnik-revo-mini-1-1.png\",\"contentUrl\":\"https:\\\/\\\/moderator.ee\\\/wp-content\\\/uploads\\\/2021\\\/04\\\/palnik-revo-mini-1-1.png\",\"width\":1310,\"height\":976},{\"@type\":\"BreadcrumbList\",\"@id\":\"https:\\\/\\\/moderator.ee\\\/toode\\\/pellasx-pelletipoleti-revo-mini\\\/#breadcrumb\",\"itemListElement\":[{\"@type\":\"ListItem\",\"position\":1,\"name\":\"Home\",\"item\":\"https:\\\/\\\/moderator.ee\\\/\"},{\"@type\":\"ListItem\",\"position\":2,\"name\":\"Pood\",\"item\":\"https:\\\/\\\/moderator.ee\\\/pood\\\/\"},{\"@type\":\"ListItem\",\"position\":3,\"name\":\"PellasX pelletip\u00f5leti REVO mini\"}]},{\"@type\":\"WebSite\",\"@id\":\"https:\\\/\\\/moderator.ee\\\/#website\",\"url\":\"https:\\\/\\\/moderator.ee\\\/\",\"name\":\"Keskonnas\u00f5bralikud k\u00fcttes\u00fcsteemid\",\"description\":\"Moderator O\u00dc  keskonnas\u00f5bralikud ja \u00f6konoomsed k\u00fcttes\u00fcsteemid\",\"publisher\":{\"@id\":\"https:\\\/\\\/moderator.ee\\\/#organization\"},\"potentialAction\":[{\"@type\":\"SearchAction\",\"target\":{\"@type\":\"EntryPoint\",\"urlTemplate\":\"https:\\\/\\\/moderator.ee\\\/?s={search_term_string}\"},\"query-input\":{\"@type\":\"PropertyValueSpecification\",\"valueRequired\":true,\"valueName\":\"search_term_string\"}}],\"inLanguage\":\"en-US\"},{\"@type\":\"Organization\",\"@id\":\"https:\\\/\\\/moderator.ee\\\/#organization\",\"name\":\"Moderator O\u00fc\",\"url\":\"https:\\\/\\\/moderator.ee\\\/\",\"logo\":{\"@type\":\"ImageObject\",\"inLanguage\":\"en-US\",\"@id\":\"https:\\\/\\\/moderator.ee\\\/#\\\/schema\\\/logo\\\/image\\\/\",\"url\":\"https:\\\/\\\/moderator.ee\\\/wp-content\\\/uploads\\\/2016\\\/04\\\/Logog.png\",\"contentUrl\":\"https:\\\/\\\/moderator.ee\\\/wp-content\\\/uploads\\\/2016\\\/04\\\/Logog.png\",\"width\":740,\"height\":705,\"caption\":\"Moderator O\u00fc\"},\"image\":{\"@id\":\"https:\\\/\\\/moderator.ee\\\/#\\\/schema\\\/logo\\\/image\\\/\"},\"sameAs\":[\"https:\\\/\\\/www.facebook.com\\\/Moderator-O\u00dc-652151178237147\\\/?fref=ts\",\"https:\\\/\\\/youtu.be\\\/dC08JlNnEA0\"]}]}<\/script>\n<!-- \/ Yoast SEO plugin. -->","yoast_head_json":{"title":"PellasX pelletip\u00f5leti REVO mini - Keskonnas\u00f5bralikud k\u00fcttes\u00fcsteemid","description":"PellasX isepuhastuv pelletip\u00f5leti v\u00f5imsusega 5-26 kw koos puutetundliku ekraani(eesti keelne) ja 2m etteandeteoga.","robots":{"index":"index","follow":"follow","max-snippet":"max-snippet:-1","max-image-preview":"max-image-preview:large","max-video-preview":"max-video-preview:-1"},"canonical":"https:\/\/moderator.ee\/toode\/pellasx-pelletipoleti-revo-mini\/","og_locale":"en_US","og_type":"article","og_title":"PellasX pelletip\u00f5leti REVO mini - Keskonnas\u00f5bralikud k\u00fcttes\u00fcsteemid","og_description":"PellasX isepuhastuv pelletip\u00f5leti v\u00f5imsusega 5-26 kw koos puutetundliku ekraani(eesti keelne) ja 2m etteandeteoga.","og_url":"https:\/\/moderator.ee\/toode\/pellasx-pelletipoleti-revo-mini\/","og_site_name":"Keskonnas\u00f5bralikud k\u00fcttes\u00fcsteemid","article_publisher":"https:\/\/www.facebook.com\/Moderator-O%c3%9c-652151178237147\/?fref=ts","article_modified_time":"2026-03-25T07:16:03+00:00","og_image":[{"width":1310,"height":976,"url":"https:\/\/moderator.ee\/wp-content\/uploads\/2021\/04\/palnik-revo-mini-1-1.png","type":"image\/png"}],"twitter_card":"summary_large_image","twitter_misc":{"Est. reading time":"1 minute"},"schema":{"@context":"https:\/\/schema.org","@graph":[{"@type":"WebPage","@id":"https:\/\/moderator.ee\/toode\/pellasx-pelletipoleti-revo-mini\/","url":"https:\/\/moderator.ee\/toode\/pellasx-pelletipoleti-revo-mini\/","name":"PellasX pelletip\u00f5leti REVO mini - Keskonnas\u00f5bralikud k\u00fcttes\u00fcsteemid","isPartOf":{"@id":"https:\/\/moderator.ee\/#website"},"primaryImageOfPage":{"@id":"https:\/\/moderator.ee\/toode\/pellasx-pelletipoleti-revo-mini\/#primaryimage"},"image":{"@id":"https:\/\/moderator.ee\/toode\/pellasx-pelletipoleti-revo-mini\/#primaryimage"},"thumbnailUrl":"https:\/\/moderator.ee\/wp-content\/uploads\/2021\/04\/palnik-revo-mini-1-1.png","datePublished":"2021-04-14T08:46:12+00:00","dateModified":"2026-03-25T07:16:03+00:00","description":"PellasX isepuhastuv pelletip\u00f5leti v\u00f5imsusega 5-26 kw koos puutetundliku ekraani(eesti keelne) ja 2m etteandeteoga.","breadcrumb":{"@id":"https:\/\/moderator.ee\/toode\/pellasx-pelletipoleti-revo-mini\/#breadcrumb"},"inLanguage":"en-US","potentialAction":[{"@type":"ReadAction","target":["https:\/\/moderator.ee\/toode\/pellasx-pelletipoleti-revo-mini\/"]}]},{"@type":"ImageObject","inLanguage":"en-US","@id":"https:\/\/moderator.ee\/toode\/pellasx-pelletipoleti-revo-mini\/#primaryimage","url":"https:\/\/moderator.ee\/wp-content\/uploads\/2021\/04\/palnik-revo-mini-1-1.png","contentUrl":"https:\/\/moderator.ee\/wp-content\/uploads\/2021\/04\/palnik-revo-mini-1-1.png","width":1310,"height":976},{"@type":"BreadcrumbList","@id":"https:\/\/moderator.ee\/toode\/pellasx-pelletipoleti-revo-mini\/#breadcrumb","itemListElement":[{"@type":"ListItem","position":1,"name":"Home","item":"https:\/\/moderator.ee\/"},{"@type":"ListItem","position":2,"name":"Pood","item":"https:\/\/moderator.ee\/pood\/"},{"@type":"ListItem","position":3,"name":"PellasX pelletip\u00f5leti REVO mini"}]},{"@type":"WebSite","@id":"https:\/\/moderator.ee\/#website","url":"https:\/\/moderator.ee\/","name":"Keskonnas\u00f5bralikud k\u00fcttes\u00fcsteemid","description":"Moderator O\u00dc  keskonnas\u00f5bralikud ja \u00f6konoomsed k\u00fcttes\u00fcsteemid","publisher":{"@id":"https:\/\/moderator.ee\/#organization"},"potentialAction":[{"@type":"SearchAction","target":{"@type":"EntryPoint","urlTemplate":"https:\/\/moderator.ee\/?s={search_term_string}"},"query-input":{"@type":"PropertyValueSpecification","valueRequired":true,"valueName":"search_term_string"}}],"inLanguage":"en-US"},{"@type":"Organization","@id":"https:\/\/moderator.ee\/#organization","name":"Moderator O\u00fc","url":"https:\/\/moderator.ee\/","logo":{"@type":"ImageObject","inLanguage":"en-US","@id":"https:\/\/moderator.ee\/#\/schema\/logo\/image\/","url":"https:\/\/moderator.ee\/wp-content\/uploads\/2016\/04\/Logog.png","contentUrl":"https:\/\/moderator.ee\/wp-content\/uploads\/2016\/04\/Logog.png","width":740,"height":705,"caption":"Moderator O\u00fc"},"image":{"@id":"https:\/\/moderator.ee\/#\/schema\/logo\/image\/"},"sameAs":["https:\/\/www.facebook.com\/Moderator-O\u00dc-652151178237147\/?fref=ts","https:\/\/youtu.be\/dC08JlNnEA0"]}]}},"_links":{"self":[{"href":"https:\/\/moderator.ee\/en\/wp-json\/wp\/v2\/product\/3356","targetHints":{"allow":["GET"]}}],"collection":[{"href":"https:\/\/moderator.ee\/en\/wp-json\/wp\/v2\/product"}],"about":[{"href":"https:\/\/moderator.ee\/en\/wp-json\/wp\/v2\/types\/product"}],"replies":[{"embeddable":true,"href":"https:\/\/moderator.ee\/en\/wp-json\/wp\/v2\/comments?post=3356"}],"wp:featuredmedia":[{"embeddable":true,"href":"https:\/\/moderator.ee\/en\/wp-json\/wp\/v2\/media\/4403"}],"wp:attachment":[{"href":"https:\/\/moderator.ee\/en\/wp-json\/wp\/v2\/media?parent=3356"}],"wp:term":[{"taxonomy":"product_brand","embeddable":true,"href":"https:\/\/moderator.ee\/en\/wp-json\/wp\/v2\/product_brand?post=3356"},{"taxonomy":"product_cat","embeddable":true,"href":"https:\/\/moderator.ee\/en\/wp-json\/wp\/v2\/product_cat?post=3356"},{"taxonomy":"product_tag","embeddable":true,"href":"https:\/\/moderator.ee\/en\/wp-json\/wp\/v2\/product_tag?post=3356"}],"curies":[{"name":"wp","href":"https:\/\/api.w.org\/{rel}","templated":true}]}}