{"id":3437,"date":"2021-04-09T12:58:13","date_gmt":"2021-04-09T09:58:13","guid":{"rendered":"https:\/\/moderator.ee\/?post_type=product&#038;p=3437"},"modified":"2025-05-27T09:02:25","modified_gmt":"2025-05-27T06:02:25","slug":"tarbevee-boiler-wgj-g-200","status":"publish","type":"product","link":"https:\/\/moderator.ee\/en\/toode\/tarbevee-boiler-wgj-g-200\/","title":{"rendered":"Tarbevee boiler WGJ-G 200"},"content":{"rendered":"","protected":false},"excerpt":{"rendered":"<p>Horisontaalsed soojusvahetiga boilerid t\u00fc\u00fcp WGJ-G, on m\u00f5eldud sooja vee tootmiseks l\u00e4bi k\u00fctteseadme (keskk\u00fcttekatel, \u2013 ahi, vms). Samuti on v\u00f5imalik boileriga \u00fchendada ka elektriline k\u00fcttekeha. Isolatsioon kas pol\u00fcst\u00fcreen v\u00f5i pol\u00fcuretaan.<\/p>\n<p>Pealt metallkestaga katmata, mis muudab hinna soodsamaks tavaboileriga v\u00f5rreldes.<\/p>\n<p>Boileriga on kaasas ka k\u00fcttekeha<\/p>\n","protected":false},"featured_media":3438,"comment_status":"closed","ping_status":"closed","template":"","meta":[],"product_brand":[],"product_cat":[48,46],"product_tag":[],"class_list":{"0":"post-3437","1":"product","2":"type-product","3":"status-publish","4":"has-post-thumbnail","6":"product_cat-200l-boilerid","7":"product_cat-boilerid","9":"first","10":"outofstock","11":"taxable","12":"shipping-taxable","13":"purchasable","14":"product-type-simple"},"yoast_head":"<!-- This site is optimized with the Yoast SEO plugin v27.5 - https:\/\/yoast.com\/product\/yoast-seo-wordpress\/ -->\n<title>Tarbevee boiler WGJ-G 200 - Keskonnas\u00f5bralikud k\u00fcttes\u00fcsteemid<\/title>\n<meta name=\"robots\" content=\"index, follow, max-snippet:-1, max-image-preview:large, max-video-preview:-1\" \/>\n<link rel=\"canonical\" href=\"https:\/\/moderator.ee\/toode\/tarbevee-boiler-wgj-g-200\/\" \/>\n<meta property=\"og:locale\" content=\"en_US\" \/>\n<meta property=\"og:type\" content=\"article\" \/>\n<meta property=\"og:title\" content=\"Tarbevee boiler WGJ-G 200 - Keskonnas\u00f5bralikud k\u00fcttes\u00fcsteemid\" \/>\n<meta property=\"og:description\" content=\"Horisontaalsed soojusvahetiga boilerid t\u00fc\u00fcp WGJ-G, on m\u00f5eldud sooja vee tootmiseks l\u00e4bi k\u00fctteseadme (keskk\u00fcttekatel, \u2013 ahi, vms). Samuti on v\u00f5imalik boileriga \u00fchendada ka elektriline k\u00fcttekeha. Isolatsioon kas pol\u00fcst\u00fcreen v\u00f5i pol\u00fcuretaan. Pealt metallkestaga katmata, mis muudab hinna soodsamaks tavaboileriga v\u00f5rreldes. Boileriga on kaasas ka k\u00fcttekeha\" \/>\n<meta property=\"og:url\" content=\"https:\/\/moderator.ee\/toode\/tarbevee-boiler-wgj-g-200\/\" \/>\n<meta property=\"og:site_name\" content=\"Keskonnas\u00f5bralikud k\u00fcttes\u00fcsteemid\" \/>\n<meta property=\"article:publisher\" content=\"https:\/\/www.facebook.com\/Moderator-O%c3%9c-652151178237147\/?fref=ts\" \/>\n<meta property=\"article:modified_time\" content=\"2025-05-27T06:02:25+00:00\" \/>\n<meta property=\"og:image\" content=\"https:\/\/moderator.ee\/wp-content\/uploads\/2021\/04\/wgj-200.jpg\" \/>\n\t<meta property=\"og:image:width\" content=\"402\" \/>\n\t<meta property=\"og:image:height\" content=\"228\" \/>\n\t<meta property=\"og:image:type\" content=\"image\/jpeg\" \/>\n<meta name=\"twitter:card\" content=\"summary_large_image\" \/>\n<script type=\"application\/ld+json\" class=\"yoast-schema-graph\">{\"@context\":\"https:\\\/\\\/schema.org\",\"@graph\":[{\"@type\":\"WebPage\",\"@id\":\"https:\\\/\\\/moderator.ee\\\/toode\\\/tarbevee-boiler-wgj-g-200\\\/\",\"url\":\"https:\\\/\\\/moderator.ee\\\/toode\\\/tarbevee-boiler-wgj-g-200\\\/\",\"name\":\"Tarbevee boiler WGJ-G 200 - Keskonnas\u00f5bralikud k\u00fcttes\u00fcsteemid\",\"isPartOf\":{\"@id\":\"https:\\\/\\\/moderator.ee\\\/#website\"},\"primaryImageOfPage\":{\"@id\":\"https:\\\/\\\/moderator.ee\\\/toode\\\/tarbevee-boiler-wgj-g-200\\\/#primaryimage\"},\"image\":{\"@id\":\"https:\\\/\\\/moderator.ee\\\/toode\\\/tarbevee-boiler-wgj-g-200\\\/#primaryimage\"},\"thumbnailUrl\":\"https:\\\/\\\/moderator.ee\\\/wp-content\\\/uploads\\\/2021\\\/04\\\/wgj-200.jpg\",\"datePublished\":\"2021-04-09T09:58:13+00:00\",\"dateModified\":\"2025-05-27T06:02:25+00:00\",\"breadcrumb\":{\"@id\":\"https:\\\/\\\/moderator.ee\\\/toode\\\/tarbevee-boiler-wgj-g-200\\\/#breadcrumb\"},\"inLanguage\":\"en-US\",\"potentialAction\":[{\"@type\":\"ReadAction\",\"target\":[\"https:\\\/\\\/moderator.ee\\\/toode\\\/tarbevee-boiler-wgj-g-200\\\/\"]}]},{\"@type\":\"ImageObject\",\"inLanguage\":\"en-US\",\"@id\":\"https:\\\/\\\/moderator.ee\\\/toode\\\/tarbevee-boiler-wgj-g-200\\\/#primaryimage\",\"url\":\"https:\\\/\\\/moderator.ee\\\/wp-content\\\/uploads\\\/2021\\\/04\\\/wgj-200.jpg\",\"contentUrl\":\"https:\\\/\\\/moderator.ee\\\/wp-content\\\/uploads\\\/2021\\\/04\\\/wgj-200.jpg\",\"width\":402,\"height\":228},{\"@type\":\"BreadcrumbList\",\"@id\":\"https:\\\/\\\/moderator.ee\\\/toode\\\/tarbevee-boiler-wgj-g-200\\\/#breadcrumb\",\"itemListElement\":[{\"@type\":\"ListItem\",\"position\":1,\"name\":\"Home\",\"item\":\"https:\\\/\\\/moderator.ee\\\/\"},{\"@type\":\"ListItem\",\"position\":2,\"name\":\"Pood\",\"item\":\"https:\\\/\\\/moderator.ee\\\/pood\\\/\"},{\"@type\":\"ListItem\",\"position\":3,\"name\":\"Tarbevee boiler WGJ-G 200\"}]},{\"@type\":\"WebSite\",\"@id\":\"https:\\\/\\\/moderator.ee\\\/#website\",\"url\":\"https:\\\/\\\/moderator.ee\\\/\",\"name\":\"Keskonnas\u00f5bralikud k\u00fcttes\u00fcsteemid\",\"description\":\"Moderator O\u00dc  keskonnas\u00f5bralikud ja \u00f6konoomsed k\u00fcttes\u00fcsteemid\",\"publisher\":{\"@id\":\"https:\\\/\\\/moderator.ee\\\/#organization\"},\"potentialAction\":[{\"@type\":\"SearchAction\",\"target\":{\"@type\":\"EntryPoint\",\"urlTemplate\":\"https:\\\/\\\/moderator.ee\\\/?s={search_term_string}\"},\"query-input\":{\"@type\":\"PropertyValueSpecification\",\"valueRequired\":true,\"valueName\":\"search_term_string\"}}],\"inLanguage\":\"en-US\"},{\"@type\":\"Organization\",\"@id\":\"https:\\\/\\\/moderator.ee\\\/#organization\",\"name\":\"Moderator O\u00fc\",\"url\":\"https:\\\/\\\/moderator.ee\\\/\",\"logo\":{\"@type\":\"ImageObject\",\"inLanguage\":\"en-US\",\"@id\":\"https:\\\/\\\/moderator.ee\\\/#\\\/schema\\\/logo\\\/image\\\/\",\"url\":\"https:\\\/\\\/moderator.ee\\\/wp-content\\\/uploads\\\/2016\\\/04\\\/Logog.png\",\"contentUrl\":\"https:\\\/\\\/moderator.ee\\\/wp-content\\\/uploads\\\/2016\\\/04\\\/Logog.png\",\"width\":740,\"height\":705,\"caption\":\"Moderator O\u00fc\"},\"image\":{\"@id\":\"https:\\\/\\\/moderator.ee\\\/#\\\/schema\\\/logo\\\/image\\\/\"},\"sameAs\":[\"https:\\\/\\\/www.facebook.com\\\/Moderator-O\u00dc-652151178237147\\\/?fref=ts\",\"https:\\\/\\\/youtu.be\\\/dC08JlNnEA0\"]}]}<\/script>\n<!-- \/ Yoast SEO plugin. -->","yoast_head_json":{"title":"Tarbevee boiler WGJ-G 200 - Keskonnas\u00f5bralikud k\u00fcttes\u00fcsteemid","robots":{"index":"index","follow":"follow","max-snippet":"max-snippet:-1","max-image-preview":"max-image-preview:large","max-video-preview":"max-video-preview:-1"},"canonical":"https:\/\/moderator.ee\/toode\/tarbevee-boiler-wgj-g-200\/","og_locale":"en_US","og_type":"article","og_title":"Tarbevee boiler WGJ-G 200 - Keskonnas\u00f5bralikud k\u00fcttes\u00fcsteemid","og_description":"Horisontaalsed soojusvahetiga boilerid t\u00fc\u00fcp WGJ-G, on m\u00f5eldud sooja vee tootmiseks l\u00e4bi k\u00fctteseadme (keskk\u00fcttekatel, \u2013 ahi, vms). Samuti on v\u00f5imalik boileriga \u00fchendada ka elektriline k\u00fcttekeha. Isolatsioon kas pol\u00fcst\u00fcreen v\u00f5i pol\u00fcuretaan. Pealt metallkestaga katmata, mis muudab hinna soodsamaks tavaboileriga v\u00f5rreldes. Boileriga on kaasas ka k\u00fcttekeha","og_url":"https:\/\/moderator.ee\/toode\/tarbevee-boiler-wgj-g-200\/","og_site_name":"Keskonnas\u00f5bralikud k\u00fcttes\u00fcsteemid","article_publisher":"https:\/\/www.facebook.com\/Moderator-O%c3%9c-652151178237147\/?fref=ts","article_modified_time":"2025-05-27T06:02:25+00:00","og_image":[{"width":402,"height":228,"url":"https:\/\/moderator.ee\/wp-content\/uploads\/2021\/04\/wgj-200.jpg","type":"image\/jpeg"}],"twitter_card":"summary_large_image","schema":{"@context":"https:\/\/schema.org","@graph":[{"@type":"WebPage","@id":"https:\/\/moderator.ee\/toode\/tarbevee-boiler-wgj-g-200\/","url":"https:\/\/moderator.ee\/toode\/tarbevee-boiler-wgj-g-200\/","name":"Tarbevee boiler WGJ-G 200 - Keskonnas\u00f5bralikud k\u00fcttes\u00fcsteemid","isPartOf":{"@id":"https:\/\/moderator.ee\/#website"},"primaryImageOfPage":{"@id":"https:\/\/moderator.ee\/toode\/tarbevee-boiler-wgj-g-200\/#primaryimage"},"image":{"@id":"https:\/\/moderator.ee\/toode\/tarbevee-boiler-wgj-g-200\/#primaryimage"},"thumbnailUrl":"https:\/\/moderator.ee\/wp-content\/uploads\/2021\/04\/wgj-200.jpg","datePublished":"2021-04-09T09:58:13+00:00","dateModified":"2025-05-27T06:02:25+00:00","breadcrumb":{"@id":"https:\/\/moderator.ee\/toode\/tarbevee-boiler-wgj-g-200\/#breadcrumb"},"inLanguage":"en-US","potentialAction":[{"@type":"ReadAction","target":["https:\/\/moderator.ee\/toode\/tarbevee-boiler-wgj-g-200\/"]}]},{"@type":"ImageObject","inLanguage":"en-US","@id":"https:\/\/moderator.ee\/toode\/tarbevee-boiler-wgj-g-200\/#primaryimage","url":"https:\/\/moderator.ee\/wp-content\/uploads\/2021\/04\/wgj-200.jpg","contentUrl":"https:\/\/moderator.ee\/wp-content\/uploads\/2021\/04\/wgj-200.jpg","width":402,"height":228},{"@type":"BreadcrumbList","@id":"https:\/\/moderator.ee\/toode\/tarbevee-boiler-wgj-g-200\/#breadcrumb","itemListElement":[{"@type":"ListItem","position":1,"name":"Home","item":"https:\/\/moderator.ee\/"},{"@type":"ListItem","position":2,"name":"Pood","item":"https:\/\/moderator.ee\/pood\/"},{"@type":"ListItem","position":3,"name":"Tarbevee boiler WGJ-G 200"}]},{"@type":"WebSite","@id":"https:\/\/moderator.ee\/#website","url":"https:\/\/moderator.ee\/","name":"Keskonnas\u00f5bralikud k\u00fcttes\u00fcsteemid","description":"Moderator O\u00dc  keskonnas\u00f5bralikud ja \u00f6konoomsed k\u00fcttes\u00fcsteemid","publisher":{"@id":"https:\/\/moderator.ee\/#organization"},"potentialAction":[{"@type":"SearchAction","target":{"@type":"EntryPoint","urlTemplate":"https:\/\/moderator.ee\/?s={search_term_string}"},"query-input":{"@type":"PropertyValueSpecification","valueRequired":true,"valueName":"search_term_string"}}],"inLanguage":"en-US"},{"@type":"Organization","@id":"https:\/\/moderator.ee\/#organization","name":"Moderator O\u00fc","url":"https:\/\/moderator.ee\/","logo":{"@type":"ImageObject","inLanguage":"en-US","@id":"https:\/\/moderator.ee\/#\/schema\/logo\/image\/","url":"https:\/\/moderator.ee\/wp-content\/uploads\/2016\/04\/Logog.png","contentUrl":"https:\/\/moderator.ee\/wp-content\/uploads\/2016\/04\/Logog.png","width":740,"height":705,"caption":"Moderator O\u00fc"},"image":{"@id":"https:\/\/moderator.ee\/#\/schema\/logo\/image\/"},"sameAs":["https:\/\/www.facebook.com\/Moderator-O\u00dc-652151178237147\/?fref=ts","https:\/\/youtu.be\/dC08JlNnEA0"]}]}},"_links":{"self":[{"href":"https:\/\/moderator.ee\/en\/wp-json\/wp\/v2\/product\/3437","targetHints":{"allow":["GET"]}}],"collection":[{"href":"https:\/\/moderator.ee\/en\/wp-json\/wp\/v2\/product"}],"about":[{"href":"https:\/\/moderator.ee\/en\/wp-json\/wp\/v2\/types\/product"}],"replies":[{"embeddable":true,"href":"https:\/\/moderator.ee\/en\/wp-json\/wp\/v2\/comments?post=3437"}],"wp:featuredmedia":[{"embeddable":true,"href":"https:\/\/moderator.ee\/en\/wp-json\/wp\/v2\/media\/3438"}],"wp:attachment":[{"href":"https:\/\/moderator.ee\/en\/wp-json\/wp\/v2\/media?parent=3437"}],"wp:term":[{"taxonomy":"product_brand","embeddable":true,"href":"https:\/\/moderator.ee\/en\/wp-json\/wp\/v2\/product_brand?post=3437"},{"taxonomy":"product_cat","embeddable":true,"href":"https:\/\/moderator.ee\/en\/wp-json\/wp\/v2\/product_cat?post=3437"},{"taxonomy":"product_tag","embeddable":true,"href":"https:\/\/moderator.ee\/en\/wp-json\/wp\/v2\/product_tag?post=3437"}],"curies":[{"name":"wp","href":"https:\/\/api.w.org\/{rel}","templated":true}]}}