{"id":3445,"date":"2021-04-09T13:25:32","date_gmt":"2021-04-09T10:25:32","guid":{"rendered":"https:\/\/moderator.ee\/?post_type=product&#038;p=3445"},"modified":"2025-07-01T01:09:24","modified_gmt":"2025-06-30T22:09:24","slug":"pellasx-pelletipoleti-internetimoodul","status":"publish","type":"product","link":"https:\/\/moderator.ee\/en\/toode\/pellasx-pelletipoleti-internetimoodul\/","title":{"rendered":"PellasX pelletip\u00f5leti internetimoodul"},"content":{"rendered":"<div class=\"fusion-layout-column fusion_builder_column fusion-builder-column-2 fusion_builder_column_1_2 1_2 fusion-one-half fusion-column-last\">\n<div class=\"fusion-column-wrapper fusion-flex-column-wrapper-legacy\">\n<div class=\"fusion-text fusion-text-1\">\n<h4 class=\"fusion-responsive-typography-calculated\" data-fontsize=\"18\" data-lineheight=\"27px\">ECONET on t\u00e4iustatud Interneti-kommunikatsioonimoodul, mis on m\u00f5eldud kasutamiseks teeninduss\u00fcsteemina, et v\u00f5imaldada S.Controli kontrolleri k\u00f5igi parameetrite kaugjuhtimist ning laiendusmoodulite Ruumitermostaat ja Ruumitermostaat Touch parameetreid.<br \/>\nECONET pakub sidusjuurdep\u00e4\u00e4su mis tahes arvuti, tahvelarvuti v\u00f5i rakenduse kaudu, sealhulgas mobiilirakenduste kaudu.<\/h4>\n<\/div>\n<div class=\"fusion-clearfix\">\u00a0<\/div>\n<\/div>\n<\/div>\n","protected":false},"excerpt":{"rendered":"<div class=\"fusion-text fusion-text-2\">\n<h3 class=\"fusion-responsive-typography-calculated\" data-fontsize=\"18\" data-lineheight=\"27px\">Kirjeldus<\/h3>\n<h3 class=\"fusion-responsive-typography-calculated\" data-fontsize=\"16\" data-lineheight=\"24px\">Saab reguleerida k\u00f5iki parameetreid<br \/>\nSalvestada peamised t\u00f6\u00f6parameetrid<br \/>\nAlarms\u00f5numite vastuv\u00f5tmine e-posti teel<br \/>\nTemperatuuri jaotumise ajaloo saamine selge diagrammi kujul<br \/>\nKasutage v\u00f5rgu juhtimismoodulit intuitiivse arvutirakenduse kaudu<br \/>\nL\u00e4hitulevikus v\u00e4rskendage tarkvara<\/h3>\n<\/div>\n","protected":false},"featured_media":3426,"comment_status":"closed","ping_status":"closed","template":"","meta":[],"product_brand":[],"product_cat":[58,49,54,34],"product_tag":[],"class_list":{"0":"post-3445","1":"product","2":"type-product","3":"status-publish","4":"has-post-thumbnail","6":"product_cat-internetimoodul-2","7":"product_cat-pellasx","8":"product_cat-pellasx-lisaseadmed","9":"product_cat-pelletipoletid","11":"first","12":"instock","13":"taxable","14":"shipping-taxable","15":"purchasable","16":"product-type-simple"},"yoast_head":"<!-- This site is optimized with the Yoast SEO plugin v27.5 - https:\/\/yoast.com\/product\/yoast-seo-wordpress\/ -->\n<title>PellasX pelletip\u00f5leti internetimoodul - Keskonnas\u00f5bralikud k\u00fcttes\u00fcsteemid<\/title>\n<meta name=\"robots\" content=\"index, follow, max-snippet:-1, max-image-preview:large, max-video-preview:-1\" \/>\n<link rel=\"canonical\" href=\"https:\/\/moderator.ee\/toode\/pellasx-pelletipoleti-internetimoodul\/\" \/>\n<meta property=\"og:locale\" content=\"en_US\" \/>\n<meta property=\"og:type\" content=\"article\" \/>\n<meta property=\"og:title\" content=\"PellasX pelletip\u00f5leti internetimoodul - Keskonnas\u00f5bralikud k\u00fcttes\u00fcsteemid\" \/>\n<meta property=\"og:description\" content=\"Kirjeldus Saab reguleerida k\u00f5iki parameetreid Salvestada peamised t\u00f6\u00f6parameetrid Alarms\u00f5numite vastuv\u00f5tmine e-posti teel Temperatuuri jaotumise ajaloo saamine selge diagrammi kujul Kasutage v\u00f5rgu juhtimismoodulit intuitiivse arvutirakenduse kaudu L\u00e4hitulevikus v\u00e4rskendage tarkvara\" \/>\n<meta property=\"og:url\" content=\"https:\/\/moderator.ee\/toode\/pellasx-pelletipoleti-internetimoodul\/\" \/>\n<meta property=\"og:site_name\" content=\"Keskonnas\u00f5bralikud k\u00fcttes\u00fcsteemid\" \/>\n<meta property=\"article:publisher\" content=\"https:\/\/www.facebook.com\/Moderator-O%c3%9c-652151178237147\/?fref=ts\" \/>\n<meta property=\"article:modified_time\" content=\"2025-06-30T22:09:24+00:00\" \/>\n<meta property=\"og:image\" content=\"https:\/\/moderator.ee\/wp-content\/uploads\/2021\/04\/econet330.jpg\" \/>\n\t<meta property=\"og:image:width\" content=\"380\" \/>\n\t<meta property=\"og:image:height\" content=\"380\" \/>\n\t<meta property=\"og:image:type\" content=\"image\/jpeg\" \/>\n<meta name=\"twitter:card\" content=\"summary_large_image\" \/>\n<meta name=\"twitter:label1\" content=\"Est. reading time\" \/>\n\t<meta name=\"twitter:data1\" content=\"1 minute\" \/>\n<script type=\"application\/ld+json\" class=\"yoast-schema-graph\">{\"@context\":\"https:\\\/\\\/schema.org\",\"@graph\":[{\"@type\":\"WebPage\",\"@id\":\"https:\\\/\\\/moderator.ee\\\/toode\\\/pellasx-pelletipoleti-internetimoodul\\\/\",\"url\":\"https:\\\/\\\/moderator.ee\\\/toode\\\/pellasx-pelletipoleti-internetimoodul\\\/\",\"name\":\"PellasX pelletip\u00f5leti internetimoodul - Keskonnas\u00f5bralikud k\u00fcttes\u00fcsteemid\",\"isPartOf\":{\"@id\":\"https:\\\/\\\/moderator.ee\\\/#website\"},\"primaryImageOfPage\":{\"@id\":\"https:\\\/\\\/moderator.ee\\\/toode\\\/pellasx-pelletipoleti-internetimoodul\\\/#primaryimage\"},\"image\":{\"@id\":\"https:\\\/\\\/moderator.ee\\\/toode\\\/pellasx-pelletipoleti-internetimoodul\\\/#primaryimage\"},\"thumbnailUrl\":\"https:\\\/\\\/moderator.ee\\\/wp-content\\\/uploads\\\/2021\\\/04\\\/econet330.jpg\",\"datePublished\":\"2021-04-09T10:25:32+00:00\",\"dateModified\":\"2025-06-30T22:09:24+00:00\",\"breadcrumb\":{\"@id\":\"https:\\\/\\\/moderator.ee\\\/toode\\\/pellasx-pelletipoleti-internetimoodul\\\/#breadcrumb\"},\"inLanguage\":\"en-US\",\"potentialAction\":[{\"@type\":\"ReadAction\",\"target\":[\"https:\\\/\\\/moderator.ee\\\/toode\\\/pellasx-pelletipoleti-internetimoodul\\\/\"]}]},{\"@type\":\"ImageObject\",\"inLanguage\":\"en-US\",\"@id\":\"https:\\\/\\\/moderator.ee\\\/toode\\\/pellasx-pelletipoleti-internetimoodul\\\/#primaryimage\",\"url\":\"https:\\\/\\\/moderator.ee\\\/wp-content\\\/uploads\\\/2021\\\/04\\\/econet330.jpg\",\"contentUrl\":\"https:\\\/\\\/moderator.ee\\\/wp-content\\\/uploads\\\/2021\\\/04\\\/econet330.jpg\",\"width\":380,\"height\":380},{\"@type\":\"BreadcrumbList\",\"@id\":\"https:\\\/\\\/moderator.ee\\\/toode\\\/pellasx-pelletipoleti-internetimoodul\\\/#breadcrumb\",\"itemListElement\":[{\"@type\":\"ListItem\",\"position\":1,\"name\":\"Home\",\"item\":\"https:\\\/\\\/moderator.ee\\\/\"},{\"@type\":\"ListItem\",\"position\":2,\"name\":\"Pood\",\"item\":\"https:\\\/\\\/moderator.ee\\\/pood\\\/\"},{\"@type\":\"ListItem\",\"position\":3,\"name\":\"PellasX pelletip\u00f5leti internetimoodul\"}]},{\"@type\":\"WebSite\",\"@id\":\"https:\\\/\\\/moderator.ee\\\/#website\",\"url\":\"https:\\\/\\\/moderator.ee\\\/\",\"name\":\"Keskonnas\u00f5bralikud k\u00fcttes\u00fcsteemid\",\"description\":\"Moderator O\u00dc  keskonnas\u00f5bralikud ja \u00f6konoomsed k\u00fcttes\u00fcsteemid\",\"publisher\":{\"@id\":\"https:\\\/\\\/moderator.ee\\\/#organization\"},\"potentialAction\":[{\"@type\":\"SearchAction\",\"target\":{\"@type\":\"EntryPoint\",\"urlTemplate\":\"https:\\\/\\\/moderator.ee\\\/?s={search_term_string}\"},\"query-input\":{\"@type\":\"PropertyValueSpecification\",\"valueRequired\":true,\"valueName\":\"search_term_string\"}}],\"inLanguage\":\"en-US\"},{\"@type\":\"Organization\",\"@id\":\"https:\\\/\\\/moderator.ee\\\/#organization\",\"name\":\"Moderator O\u00fc\",\"url\":\"https:\\\/\\\/moderator.ee\\\/\",\"logo\":{\"@type\":\"ImageObject\",\"inLanguage\":\"en-US\",\"@id\":\"https:\\\/\\\/moderator.ee\\\/#\\\/schema\\\/logo\\\/image\\\/\",\"url\":\"https:\\\/\\\/moderator.ee\\\/wp-content\\\/uploads\\\/2016\\\/04\\\/Logog.png\",\"contentUrl\":\"https:\\\/\\\/moderator.ee\\\/wp-content\\\/uploads\\\/2016\\\/04\\\/Logog.png\",\"width\":740,\"height\":705,\"caption\":\"Moderator O\u00fc\"},\"image\":{\"@id\":\"https:\\\/\\\/moderator.ee\\\/#\\\/schema\\\/logo\\\/image\\\/\"},\"sameAs\":[\"https:\\\/\\\/www.facebook.com\\\/Moderator-O\u00dc-652151178237147\\\/?fref=ts\",\"https:\\\/\\\/youtu.be\\\/dC08JlNnEA0\"]}]}<\/script>\n<!-- \/ Yoast SEO plugin. -->","yoast_head_json":{"title":"PellasX pelletip\u00f5leti internetimoodul - Keskonnas\u00f5bralikud k\u00fcttes\u00fcsteemid","robots":{"index":"index","follow":"follow","max-snippet":"max-snippet:-1","max-image-preview":"max-image-preview:large","max-video-preview":"max-video-preview:-1"},"canonical":"https:\/\/moderator.ee\/toode\/pellasx-pelletipoleti-internetimoodul\/","og_locale":"en_US","og_type":"article","og_title":"PellasX pelletip\u00f5leti internetimoodul - Keskonnas\u00f5bralikud k\u00fcttes\u00fcsteemid","og_description":"Kirjeldus Saab reguleerida k\u00f5iki parameetreid Salvestada peamised t\u00f6\u00f6parameetrid Alarms\u00f5numite vastuv\u00f5tmine e-posti teel Temperatuuri jaotumise ajaloo saamine selge diagrammi kujul Kasutage v\u00f5rgu juhtimismoodulit intuitiivse arvutirakenduse kaudu L\u00e4hitulevikus v\u00e4rskendage tarkvara","og_url":"https:\/\/moderator.ee\/toode\/pellasx-pelletipoleti-internetimoodul\/","og_site_name":"Keskonnas\u00f5bralikud k\u00fcttes\u00fcsteemid","article_publisher":"https:\/\/www.facebook.com\/Moderator-O%c3%9c-652151178237147\/?fref=ts","article_modified_time":"2025-06-30T22:09:24+00:00","og_image":[{"width":380,"height":380,"url":"https:\/\/moderator.ee\/wp-content\/uploads\/2021\/04\/econet330.jpg","type":"image\/jpeg"}],"twitter_card":"summary_large_image","twitter_misc":{"Est. reading time":"1 minute"},"schema":{"@context":"https:\/\/schema.org","@graph":[{"@type":"WebPage","@id":"https:\/\/moderator.ee\/toode\/pellasx-pelletipoleti-internetimoodul\/","url":"https:\/\/moderator.ee\/toode\/pellasx-pelletipoleti-internetimoodul\/","name":"PellasX pelletip\u00f5leti internetimoodul - Keskonnas\u00f5bralikud k\u00fcttes\u00fcsteemid","isPartOf":{"@id":"https:\/\/moderator.ee\/#website"},"primaryImageOfPage":{"@id":"https:\/\/moderator.ee\/toode\/pellasx-pelletipoleti-internetimoodul\/#primaryimage"},"image":{"@id":"https:\/\/moderator.ee\/toode\/pellasx-pelletipoleti-internetimoodul\/#primaryimage"},"thumbnailUrl":"https:\/\/moderator.ee\/wp-content\/uploads\/2021\/04\/econet330.jpg","datePublished":"2021-04-09T10:25:32+00:00","dateModified":"2025-06-30T22:09:24+00:00","breadcrumb":{"@id":"https:\/\/moderator.ee\/toode\/pellasx-pelletipoleti-internetimoodul\/#breadcrumb"},"inLanguage":"en-US","potentialAction":[{"@type":"ReadAction","target":["https:\/\/moderator.ee\/toode\/pellasx-pelletipoleti-internetimoodul\/"]}]},{"@type":"ImageObject","inLanguage":"en-US","@id":"https:\/\/moderator.ee\/toode\/pellasx-pelletipoleti-internetimoodul\/#primaryimage","url":"https:\/\/moderator.ee\/wp-content\/uploads\/2021\/04\/econet330.jpg","contentUrl":"https:\/\/moderator.ee\/wp-content\/uploads\/2021\/04\/econet330.jpg","width":380,"height":380},{"@type":"BreadcrumbList","@id":"https:\/\/moderator.ee\/toode\/pellasx-pelletipoleti-internetimoodul\/#breadcrumb","itemListElement":[{"@type":"ListItem","position":1,"name":"Home","item":"https:\/\/moderator.ee\/"},{"@type":"ListItem","position":2,"name":"Pood","item":"https:\/\/moderator.ee\/pood\/"},{"@type":"ListItem","position":3,"name":"PellasX pelletip\u00f5leti internetimoodul"}]},{"@type":"WebSite","@id":"https:\/\/moderator.ee\/#website","url":"https:\/\/moderator.ee\/","name":"Keskonnas\u00f5bralikud k\u00fcttes\u00fcsteemid","description":"Moderator O\u00dc  keskonnas\u00f5bralikud ja \u00f6konoomsed k\u00fcttes\u00fcsteemid","publisher":{"@id":"https:\/\/moderator.ee\/#organization"},"potentialAction":[{"@type":"SearchAction","target":{"@type":"EntryPoint","urlTemplate":"https:\/\/moderator.ee\/?s={search_term_string}"},"query-input":{"@type":"PropertyValueSpecification","valueRequired":true,"valueName":"search_term_string"}}],"inLanguage":"en-US"},{"@type":"Organization","@id":"https:\/\/moderator.ee\/#organization","name":"Moderator O\u00fc","url":"https:\/\/moderator.ee\/","logo":{"@type":"ImageObject","inLanguage":"en-US","@id":"https:\/\/moderator.ee\/#\/schema\/logo\/image\/","url":"https:\/\/moderator.ee\/wp-content\/uploads\/2016\/04\/Logog.png","contentUrl":"https:\/\/moderator.ee\/wp-content\/uploads\/2016\/04\/Logog.png","width":740,"height":705,"caption":"Moderator O\u00fc"},"image":{"@id":"https:\/\/moderator.ee\/#\/schema\/logo\/image\/"},"sameAs":["https:\/\/www.facebook.com\/Moderator-O\u00dc-652151178237147\/?fref=ts","https:\/\/youtu.be\/dC08JlNnEA0"]}]}},"_links":{"self":[{"href":"https:\/\/moderator.ee\/en\/wp-json\/wp\/v2\/product\/3445","targetHints":{"allow":["GET"]}}],"collection":[{"href":"https:\/\/moderator.ee\/en\/wp-json\/wp\/v2\/product"}],"about":[{"href":"https:\/\/moderator.ee\/en\/wp-json\/wp\/v2\/types\/product"}],"replies":[{"embeddable":true,"href":"https:\/\/moderator.ee\/en\/wp-json\/wp\/v2\/comments?post=3445"}],"wp:featuredmedia":[{"embeddable":true,"href":"https:\/\/moderator.ee\/en\/wp-json\/wp\/v2\/media\/3426"}],"wp:attachment":[{"href":"https:\/\/moderator.ee\/en\/wp-json\/wp\/v2\/media?parent=3445"}],"wp:term":[{"taxonomy":"product_brand","embeddable":true,"href":"https:\/\/moderator.ee\/en\/wp-json\/wp\/v2\/product_brand?post=3445"},{"taxonomy":"product_cat","embeddable":true,"href":"https:\/\/moderator.ee\/en\/wp-json\/wp\/v2\/product_cat?post=3445"},{"taxonomy":"product_tag","embeddable":true,"href":"https:\/\/moderator.ee\/en\/wp-json\/wp\/v2\/product_tag?post=3445"}],"curies":[{"name":"wp","href":"https:\/\/api.w.org\/{rel}","templated":true}]}}