{"id":3454,"date":"2021-04-09T14:04:24","date_gmt":"2021-04-09T11:04:24","guid":{"rendered":"https:\/\/moderator.ee\/?post_type=product&#038;p=3454"},"modified":"2025-07-01T01:09:23","modified_gmt":"2025-06-30T22:09:23","slug":"pellasx-ruumitermostaat-x40","status":"publish","type":"product","link":"https:\/\/moderator.ee\/en\/toode\/pellasx-ruumitermostaat-x40\/","title":{"rendered":"PellasX ruumitermostaat X40"},"content":{"rendered":"<blockquote class=\"wp-embedded-content\" data-secret=\"SDLaUuGbCx\"><p><a href=\"https:\/\/pellasx.ee\/ruumitermostaadid\/\">Ruumitermostaadid<\/a><\/p><\/blockquote>\n<p><iframe class=\"wp-embedded-content\" sandbox=\"allow-scripts\" security=\"restricted\" style=\"position: absolute; clip: rect(1px, 1px, 1px, 1px);\" title=\"&#8220;Ruumitermostaadid&#8221; &#8212; Pellasx Eesti\" src=\"https:\/\/pellasx.ee\/ruumitermostaadid\/embed\/#?secret=SDLaUuGbCx\" data-secret=\"SDLaUuGbCx\" width=\"600\" height=\"338\" frameborder=\"0\" marginwidth=\"0\" marginheight=\"0\" scrolling=\"no\"><\/iframe><\/p>\n","protected":false},"excerpt":{"rendered":"<h5>Raadioteel t\u00f6\u00f6tav ruumitermostaat<\/h5>\n<ul>\n<li>\n<h5 class=\"fusion-responsive-typography-calculated\" data-fontsize=\"16\" data-lineheight=\"24px\"><strong>T\u00e4ielik kahesuunaline raadioside<\/strong><\/h5>\n<\/li>\n<li>\n<h5 class=\"fusion-responsive-typography-calculated\" data-fontsize=\"16\" data-lineheight=\"24px\"><strong>Regulaatori kontrolli kvaliteedi parandamine<\/strong><\/h5>\n<\/li>\n<li>\n<h5 class=\"fusion-responsive-typography-calculated\" data-fontsize=\"16\" data-lineheight=\"24px\"><strong>Signaalid: alarmid, k\u00fctuse tase, p\u00f5leti puhastamine ja regulaatori t\u00f6\u00f6re\u017eiimide tugi<\/strong><\/h5>\n<\/li>\n<li>\n<h5 class=\"fusion-responsive-typography-calculated\" data-fontsize=\"16\" data-lineheight=\"24px\"><strong>Energias\u00e4\u00e4st<\/strong><\/h5>\n<\/li>\n<li>\n<h5 class=\"fusion-responsive-typography-calculated\" data-fontsize=\"16\" data-lineheight=\"24px\"><strong> Aku s\u00e4\u00e4stmise re\u017eiim ja aku t\u00fchjenemise indikaator<\/strong><\/h5>\n<\/li>\n<li>\n<h5 class=\"fusion-responsive-typography-calculated\" data-fontsize=\"16\" data-lineheight=\"24px\"><strong>Lapse lukk<\/strong><\/h5>\n<\/li>\n<li>\n<h5 class=\"fusion-responsive-typography-calculated\" data-fontsize=\"16\" data-lineheight=\"24px\"><strong>Tagab regulaatori men\u00fc\u00fc konfigureerimise igast ruumist<\/strong><\/h5>\n<\/li>\n<li>\n<h5 class=\"fusion-responsive-typography-calculated\" data-fontsize=\"16\" data-lineheight=\"24px\"><strong>S\u00e4ilitab eelseadistatud toatemperatuuri;<\/strong><\/h5>\n<\/li>\n<li>\n<h5 class=\"fusion-responsive-typography-calculated\" data-fontsize=\"16\" data-lineheight=\"24px\"><strong>Regulaatorilt teabe allalaadimine k\u00fctuse taseme kohta paagis<\/strong><\/h5>\n<\/li>\n<li>\n<h5 class=\"fusion-responsive-typography-calculated\" data-fontsize=\"16\" data-lineheight=\"24px\"><strong> katla h\u00e4ireseisundite, p\u00f5leti t\u00f6\u00f6 ja <\/strong><strong>p\u00f5leti puhastamise vajaduse ning v\u00e4listemperatuuri v\u00e4\u00e4rtuse kohta<\/strong><\/h5>\n<\/li>\n<li>\n<h5 class=\"fusion-responsive-typography-calculated\" data-fontsize=\"16\" data-lineheight=\"24px\"><strong> L\u00fclitab sisse ja v\u00e4lja katla ning tagab kella s\u00fcnkroonimise regulaatoriga<\/strong><\/h5>\n<\/li>\n<\/ul>\n","protected":false},"featured_media":3461,"comment_status":"closed","ping_status":"closed","template":"","meta":[],"product_brand":[],"product_cat":[49,54,34,68,57],"product_tag":[],"class_list":{"0":"post-3454","1":"product","2":"type-product","3":"status-publish","4":"has-post-thumbnail","6":"product_cat-pellasx","7":"product_cat-pellasx-lisaseadmed","8":"product_cat-pelletipoletid","9":"product_cat-ruumitermostaat-x40","10":"product_cat-termostaadid-2","12":"first","13":"instock","14":"taxable","15":"shipping-taxable","16":"purchasable","17":"product-type-simple"},"yoast_head":"<!-- This site is optimized with the Yoast SEO plugin v27.5 - https:\/\/yoast.com\/product\/yoast-seo-wordpress\/ -->\n<title>PellasX ruumitermostaat X40 - Keskonnas\u00f5bralikud k\u00fcttes\u00fcsteemid<\/title>\n<meta name=\"robots\" content=\"index, follow, max-snippet:-1, max-image-preview:large, max-video-preview:-1\" \/>\n<link rel=\"canonical\" href=\"https:\/\/moderator.ee\/toode\/pellasx-ruumitermostaat-x40\/\" \/>\n<meta property=\"og:locale\" content=\"en_US\" \/>\n<meta property=\"og:type\" content=\"article\" \/>\n<meta property=\"og:title\" content=\"PellasX ruumitermostaat X40 - Keskonnas\u00f5bralikud k\u00fcttes\u00fcsteemid\" \/>\n<meta property=\"og:description\" content=\"Raadioteel t\u00f6\u00f6tav ruumitermostaat    T\u00e4ielik kahesuunaline raadioside    Regulaatori kontrolli kvaliteedi parandamine    Signaalid: alarmid, k\u00fctuse tase, p\u00f5leti puhastamine ja regulaatori t\u00f6\u00f6re\u017eiimide tugi    Energias\u00e4\u00e4st    Aku s\u00e4\u00e4stmise re\u017eiim ja aku t\u00fchjenemise indikaator    Lapse lukk    Tagab regulaatori men\u00fc\u00fc konfigureerimise igast ruumist    S\u00e4ilitab eelseadistatud toatemperatuuri;    Regulaatorilt teabe allalaadimine k\u00fctuse taseme kohta paagis    katla h\u00e4ireseisundite, p\u00f5leti t\u00f6\u00f6 ja p\u00f5leti puhastamise vajaduse ning v\u00e4listemperatuuri v\u00e4\u00e4rtuse kohta    L\u00fclitab sisse ja v\u00e4lja katla ning tagab kella s\u00fcnkroonimise regulaatoriga\" \/>\n<meta property=\"og:url\" content=\"https:\/\/moderator.ee\/toode\/pellasx-ruumitermostaat-x40\/\" \/>\n<meta property=\"og:site_name\" content=\"Keskonnas\u00f5bralikud k\u00fcttes\u00fcsteemid\" \/>\n<meta property=\"article:publisher\" content=\"https:\/\/www.facebook.com\/Moderator-O%c3%9c-652151178237147\/?fref=ts\" \/>\n<meta property=\"article:modified_time\" content=\"2025-06-30T22:09:23+00:00\" \/>\n<meta property=\"og:image\" content=\"https:\/\/moderator.ee\/wp-content\/uploads\/2021\/04\/eSTER_x401.png\" \/>\n\t<meta property=\"og:image:width\" content=\"400\" \/>\n\t<meta property=\"og:image:height\" content=\"412\" \/>\n\t<meta property=\"og:image:type\" content=\"image\/png\" \/>\n<meta name=\"twitter:card\" content=\"summary_large_image\" \/>\n<meta name=\"twitter:label1\" content=\"Est. reading time\" \/>\n\t<meta name=\"twitter:data1\" content=\"1 minute\" \/>\n<script type=\"application\/ld+json\" class=\"yoast-schema-graph\">{\"@context\":\"https:\\\/\\\/schema.org\",\"@graph\":[{\"@type\":\"WebPage\",\"@id\":\"https:\\\/\\\/moderator.ee\\\/toode\\\/pellasx-ruumitermostaat-x40\\\/\",\"url\":\"https:\\\/\\\/moderator.ee\\\/toode\\\/pellasx-ruumitermostaat-x40\\\/\",\"name\":\"PellasX ruumitermostaat X40 - Keskonnas\u00f5bralikud k\u00fcttes\u00fcsteemid\",\"isPartOf\":{\"@id\":\"https:\\\/\\\/moderator.ee\\\/#website\"},\"primaryImageOfPage\":{\"@id\":\"https:\\\/\\\/moderator.ee\\\/toode\\\/pellasx-ruumitermostaat-x40\\\/#primaryimage\"},\"image\":{\"@id\":\"https:\\\/\\\/moderator.ee\\\/toode\\\/pellasx-ruumitermostaat-x40\\\/#primaryimage\"},\"thumbnailUrl\":\"https:\\\/\\\/moderator.ee\\\/wp-content\\\/uploads\\\/2021\\\/04\\\/eSTER_x401.png\",\"datePublished\":\"2021-04-09T11:04:24+00:00\",\"dateModified\":\"2025-06-30T22:09:23+00:00\",\"breadcrumb\":{\"@id\":\"https:\\\/\\\/moderator.ee\\\/toode\\\/pellasx-ruumitermostaat-x40\\\/#breadcrumb\"},\"inLanguage\":\"en-US\",\"potentialAction\":[{\"@type\":\"ReadAction\",\"target\":[\"https:\\\/\\\/moderator.ee\\\/toode\\\/pellasx-ruumitermostaat-x40\\\/\"]}]},{\"@type\":\"ImageObject\",\"inLanguage\":\"en-US\",\"@id\":\"https:\\\/\\\/moderator.ee\\\/toode\\\/pellasx-ruumitermostaat-x40\\\/#primaryimage\",\"url\":\"https:\\\/\\\/moderator.ee\\\/wp-content\\\/uploads\\\/2021\\\/04\\\/eSTER_x401.png\",\"contentUrl\":\"https:\\\/\\\/moderator.ee\\\/wp-content\\\/uploads\\\/2021\\\/04\\\/eSTER_x401.png\",\"width\":400,\"height\":412},{\"@type\":\"BreadcrumbList\",\"@id\":\"https:\\\/\\\/moderator.ee\\\/toode\\\/pellasx-ruumitermostaat-x40\\\/#breadcrumb\",\"itemListElement\":[{\"@type\":\"ListItem\",\"position\":1,\"name\":\"Home\",\"item\":\"https:\\\/\\\/moderator.ee\\\/\"},{\"@type\":\"ListItem\",\"position\":2,\"name\":\"Pood\",\"item\":\"https:\\\/\\\/moderator.ee\\\/pood\\\/\"},{\"@type\":\"ListItem\",\"position\":3,\"name\":\"PellasX ruumitermostaat X40\"}]},{\"@type\":\"WebSite\",\"@id\":\"https:\\\/\\\/moderator.ee\\\/#website\",\"url\":\"https:\\\/\\\/moderator.ee\\\/\",\"name\":\"Keskonnas\u00f5bralikud k\u00fcttes\u00fcsteemid\",\"description\":\"Moderator O\u00dc  keskonnas\u00f5bralikud ja \u00f6konoomsed k\u00fcttes\u00fcsteemid\",\"publisher\":{\"@id\":\"https:\\\/\\\/moderator.ee\\\/#organization\"},\"potentialAction\":[{\"@type\":\"SearchAction\",\"target\":{\"@type\":\"EntryPoint\",\"urlTemplate\":\"https:\\\/\\\/moderator.ee\\\/?s={search_term_string}\"},\"query-input\":{\"@type\":\"PropertyValueSpecification\",\"valueRequired\":true,\"valueName\":\"search_term_string\"}}],\"inLanguage\":\"en-US\"},{\"@type\":\"Organization\",\"@id\":\"https:\\\/\\\/moderator.ee\\\/#organization\",\"name\":\"Moderator O\u00fc\",\"url\":\"https:\\\/\\\/moderator.ee\\\/\",\"logo\":{\"@type\":\"ImageObject\",\"inLanguage\":\"en-US\",\"@id\":\"https:\\\/\\\/moderator.ee\\\/#\\\/schema\\\/logo\\\/image\\\/\",\"url\":\"https:\\\/\\\/moderator.ee\\\/wp-content\\\/uploads\\\/2016\\\/04\\\/Logog.png\",\"contentUrl\":\"https:\\\/\\\/moderator.ee\\\/wp-content\\\/uploads\\\/2016\\\/04\\\/Logog.png\",\"width\":740,\"height\":705,\"caption\":\"Moderator O\u00fc\"},\"image\":{\"@id\":\"https:\\\/\\\/moderator.ee\\\/#\\\/schema\\\/logo\\\/image\\\/\"},\"sameAs\":[\"https:\\\/\\\/www.facebook.com\\\/Moderator-O\u00dc-652151178237147\\\/?fref=ts\",\"https:\\\/\\\/youtu.be\\\/dC08JlNnEA0\"]}]}<\/script>\n<!-- \/ Yoast SEO plugin. -->","yoast_head_json":{"title":"PellasX ruumitermostaat X40 - Keskonnas\u00f5bralikud k\u00fcttes\u00fcsteemid","robots":{"index":"index","follow":"follow","max-snippet":"max-snippet:-1","max-image-preview":"max-image-preview:large","max-video-preview":"max-video-preview:-1"},"canonical":"https:\/\/moderator.ee\/toode\/pellasx-ruumitermostaat-x40\/","og_locale":"en_US","og_type":"article","og_title":"PellasX ruumitermostaat X40 - Keskonnas\u00f5bralikud k\u00fcttes\u00fcsteemid","og_description":"Raadioteel t\u00f6\u00f6tav ruumitermostaat    T\u00e4ielik kahesuunaline raadioside    Regulaatori kontrolli kvaliteedi parandamine    Signaalid: alarmid, k\u00fctuse tase, p\u00f5leti puhastamine ja regulaatori t\u00f6\u00f6re\u017eiimide tugi    Energias\u00e4\u00e4st    Aku s\u00e4\u00e4stmise re\u017eiim ja aku t\u00fchjenemise indikaator    Lapse lukk    Tagab regulaatori men\u00fc\u00fc konfigureerimise igast ruumist    S\u00e4ilitab eelseadistatud toatemperatuuri;    Regulaatorilt teabe allalaadimine k\u00fctuse taseme kohta paagis    katla h\u00e4ireseisundite, p\u00f5leti t\u00f6\u00f6 ja p\u00f5leti puhastamise vajaduse ning v\u00e4listemperatuuri v\u00e4\u00e4rtuse kohta    L\u00fclitab sisse ja v\u00e4lja katla ning tagab kella s\u00fcnkroonimise regulaatoriga","og_url":"https:\/\/moderator.ee\/toode\/pellasx-ruumitermostaat-x40\/","og_site_name":"Keskonnas\u00f5bralikud k\u00fcttes\u00fcsteemid","article_publisher":"https:\/\/www.facebook.com\/Moderator-O%c3%9c-652151178237147\/?fref=ts","article_modified_time":"2025-06-30T22:09:23+00:00","og_image":[{"width":400,"height":412,"url":"https:\/\/moderator.ee\/wp-content\/uploads\/2021\/04\/eSTER_x401.png","type":"image\/png"}],"twitter_card":"summary_large_image","twitter_misc":{"Est. reading time":"1 minute"},"schema":{"@context":"https:\/\/schema.org","@graph":[{"@type":"WebPage","@id":"https:\/\/moderator.ee\/toode\/pellasx-ruumitermostaat-x40\/","url":"https:\/\/moderator.ee\/toode\/pellasx-ruumitermostaat-x40\/","name":"PellasX ruumitermostaat X40 - Keskonnas\u00f5bralikud k\u00fcttes\u00fcsteemid","isPartOf":{"@id":"https:\/\/moderator.ee\/#website"},"primaryImageOfPage":{"@id":"https:\/\/moderator.ee\/toode\/pellasx-ruumitermostaat-x40\/#primaryimage"},"image":{"@id":"https:\/\/moderator.ee\/toode\/pellasx-ruumitermostaat-x40\/#primaryimage"},"thumbnailUrl":"https:\/\/moderator.ee\/wp-content\/uploads\/2021\/04\/eSTER_x401.png","datePublished":"2021-04-09T11:04:24+00:00","dateModified":"2025-06-30T22:09:23+00:00","breadcrumb":{"@id":"https:\/\/moderator.ee\/toode\/pellasx-ruumitermostaat-x40\/#breadcrumb"},"inLanguage":"en-US","potentialAction":[{"@type":"ReadAction","target":["https:\/\/moderator.ee\/toode\/pellasx-ruumitermostaat-x40\/"]}]},{"@type":"ImageObject","inLanguage":"en-US","@id":"https:\/\/moderator.ee\/toode\/pellasx-ruumitermostaat-x40\/#primaryimage","url":"https:\/\/moderator.ee\/wp-content\/uploads\/2021\/04\/eSTER_x401.png","contentUrl":"https:\/\/moderator.ee\/wp-content\/uploads\/2021\/04\/eSTER_x401.png","width":400,"height":412},{"@type":"BreadcrumbList","@id":"https:\/\/moderator.ee\/toode\/pellasx-ruumitermostaat-x40\/#breadcrumb","itemListElement":[{"@type":"ListItem","position":1,"name":"Home","item":"https:\/\/moderator.ee\/"},{"@type":"ListItem","position":2,"name":"Pood","item":"https:\/\/moderator.ee\/pood\/"},{"@type":"ListItem","position":3,"name":"PellasX ruumitermostaat X40"}]},{"@type":"WebSite","@id":"https:\/\/moderator.ee\/#website","url":"https:\/\/moderator.ee\/","name":"Keskonnas\u00f5bralikud k\u00fcttes\u00fcsteemid","description":"Moderator O\u00dc  keskonnas\u00f5bralikud ja \u00f6konoomsed k\u00fcttes\u00fcsteemid","publisher":{"@id":"https:\/\/moderator.ee\/#organization"},"potentialAction":[{"@type":"SearchAction","target":{"@type":"EntryPoint","urlTemplate":"https:\/\/moderator.ee\/?s={search_term_string}"},"query-input":{"@type":"PropertyValueSpecification","valueRequired":true,"valueName":"search_term_string"}}],"inLanguage":"en-US"},{"@type":"Organization","@id":"https:\/\/moderator.ee\/#organization","name":"Moderator O\u00fc","url":"https:\/\/moderator.ee\/","logo":{"@type":"ImageObject","inLanguage":"en-US","@id":"https:\/\/moderator.ee\/#\/schema\/logo\/image\/","url":"https:\/\/moderator.ee\/wp-content\/uploads\/2016\/04\/Logog.png","contentUrl":"https:\/\/moderator.ee\/wp-content\/uploads\/2016\/04\/Logog.png","width":740,"height":705,"caption":"Moderator O\u00fc"},"image":{"@id":"https:\/\/moderator.ee\/#\/schema\/logo\/image\/"},"sameAs":["https:\/\/www.facebook.com\/Moderator-O\u00dc-652151178237147\/?fref=ts","https:\/\/youtu.be\/dC08JlNnEA0"]}]}},"_links":{"self":[{"href":"https:\/\/moderator.ee\/en\/wp-json\/wp\/v2\/product\/3454","targetHints":{"allow":["GET"]}}],"collection":[{"href":"https:\/\/moderator.ee\/en\/wp-json\/wp\/v2\/product"}],"about":[{"href":"https:\/\/moderator.ee\/en\/wp-json\/wp\/v2\/types\/product"}],"replies":[{"embeddable":true,"href":"https:\/\/moderator.ee\/en\/wp-json\/wp\/v2\/comments?post=3454"}],"wp:featuredmedia":[{"embeddable":true,"href":"https:\/\/moderator.ee\/en\/wp-json\/wp\/v2\/media\/3461"}],"wp:attachment":[{"href":"https:\/\/moderator.ee\/en\/wp-json\/wp\/v2\/media?parent=3454"}],"wp:term":[{"taxonomy":"product_brand","embeddable":true,"href":"https:\/\/moderator.ee\/en\/wp-json\/wp\/v2\/product_brand?post=3454"},{"taxonomy":"product_cat","embeddable":true,"href":"https:\/\/moderator.ee\/en\/wp-json\/wp\/v2\/product_cat?post=3454"},{"taxonomy":"product_tag","embeddable":true,"href":"https:\/\/moderator.ee\/en\/wp-json\/wp\/v2\/product_tag?post=3454"}],"curies":[{"name":"wp","href":"https:\/\/api.w.org\/{rel}","templated":true}]}}