{"id":3467,"date":"2021-04-09T14:07:54","date_gmt":"2021-04-09T11:07:54","guid":{"rendered":"https:\/\/moderator.ee\/?post_type=product&#038;p=3467"},"modified":"2025-08-01T11:56:42","modified_gmt":"2025-08-01T08:56:42","slug":"pellasx-ruumitermostaat-x80","status":"publish","type":"product","link":"https:\/\/moderator.ee\/en\/toode\/pellasx-ruumitermostaat-x80\/","title":{"rendered":"PellasX ruumitermostaat X80"},"content":{"rendered":"<blockquote class=\"wp-embedded-content\" data-secret=\"JqSXIA6ktV\"><p><a href=\"https:\/\/pellasx.ee\/ruumitermostaadid\/\">Ruumitermostaadid<\/a><\/p><\/blockquote>\n<p><iframe class=\"wp-embedded-content\" sandbox=\"allow-scripts\" security=\"restricted\" style=\"position: absolute; clip: rect(1px, 1px, 1px, 1px);\" title=\"&#8220;Ruumitermostaadid&#8221; &#8212; Pellasx Eesti\" src=\"https:\/\/pellasx.ee\/ruumitermostaadid\/embed\/#?secret=JqSXIA6ktV\" data-secret=\"JqSXIA6ktV\" width=\"600\" height=\"338\" frameborder=\"0\" marginwidth=\"0\" marginheight=\"0\" scrolling=\"no\"><\/iframe><\/p>\n","protected":false},"excerpt":{"rendered":"<h5 class=\"fusion-responsive-typography-calculated\" data-fontsize=\"16\" data-lineheight=\"24px\">Ruumitermostaat RADIO X80 on p\u00f5leti juhtmevaba kaugjuhtimispult,<br \/>\nmillel on ruumitermostaadi funktsioon ja elektritoide. Selle \u00fcks eeliseid on v\u00f5imalus p\u00f5leti funktsioonide mugavaks kasutamiseks elutoast.<\/h5>\n<ul>\n<li>\n<h4 class=\"fusion-responsive-typography-calculated\" data-fontsize=\"16\" data-lineheight=\"24px\">See toimib p\u00f5leti juhtmeta kaugjuhtimispuldina;<\/h4>\n<\/li>\n<li>\n<h4 class=\"fusion-responsive-typography-calculated\" data-fontsize=\"16\" data-lineheight=\"24px\">T\u00f6\u00f6tab koos raadio\u00fclekande mooduliga ISM<\/h4>\n<\/li>\n<li>\n<h4 class=\"fusion-responsive-typography-calculated\" data-fontsize=\"16\" data-lineheight=\"24px\">Pakub ruumides soojusmugavust t\u00e4nu kahesuunalisele ISM-raadiosidele kontrolleritega<\/h4>\n<\/li>\n<li>\n<h4 class=\"fusion-responsive-typography-calculated\" data-fontsize=\"16\" data-lineheight=\"24px\">Lubab regulaatorite ning k\u00fctte- ja ventilatsiooniahelate k\u00f5igi parameetrite lugemist ja redigeerimist<\/h4>\n<\/li>\n<\/ul>\n<h3 class=\"fusion-responsive-typography-calculated\" data-fontsize=\"16\" data-lineheight=\"24px\">\u00a0<\/h3>\n<h5 class=\"fusion-responsive-typography-calculated\" data-fontsize=\"16\" data-lineheight=\"24px\">Kontrollib segamisringe vastavalt ilmale ja parandab automaatselt ringluse k\u00fctmiseks k\u00fcttek\u00f5verat;<br \/>\nPakub v\u00e4lise m\u00e4luga koost\u00f6\u00f6 tegemiseks samaaegset seadme tarkvarauuendust microSDHC-kaardi v\u00f5i microUSB OTG (valikuline) pistikupesa kaudu.<br \/>\nRegulaatori juhtimine WiFi kaudu mobiilirakenduse abil.<\/h5>\n","protected":false},"featured_media":3474,"comment_status":"closed","ping_status":"closed","template":"","meta":[],"product_brand":[],"product_cat":[49,54,34,69,57],"product_tag":[],"class_list":{"0":"post-3467","1":"product","2":"type-product","3":"status-publish","4":"has-post-thumbnail","6":"product_cat-pellasx","7":"product_cat-pellasx-lisaseadmed","8":"product_cat-pelletipoletid","9":"product_cat-ruumi-termostaat-x80","10":"product_cat-termostaadid-2","12":"first","13":"outofstock","14":"featured","15":"taxable","16":"shipping-taxable","17":"purchasable","18":"product-type-simple"},"yoast_head":"<!-- This site is optimized with the Yoast SEO plugin v27.5 - https:\/\/yoast.com\/product\/yoast-seo-wordpress\/ -->\n<title>PellasX ruumitermostaat X80 - Keskonnas\u00f5bralikud k\u00fcttes\u00fcsteemid<\/title>\n<meta name=\"robots\" content=\"index, follow, max-snippet:-1, max-image-preview:large, max-video-preview:-1\" \/>\n<link rel=\"canonical\" href=\"https:\/\/moderator.ee\/toode\/pellasx-ruumitermostaat-x80\/\" \/>\n<meta property=\"og:locale\" content=\"en_US\" \/>\n<meta property=\"og:type\" content=\"article\" \/>\n<meta property=\"og:title\" content=\"PellasX ruumitermostaat X80 - Keskonnas\u00f5bralikud k\u00fcttes\u00fcsteemid\" \/>\n<meta property=\"og:description\" content=\"Ruumitermostaat RADIO X80 on p\u00f5leti juhtmevaba kaugjuhtimispult, millel on ruumitermostaadi funktsioon ja elektritoide. Selle \u00fcks eeliseid on v\u00f5imalus p\u00f5leti funktsioonide mugavaks kasutamiseks elutoast.    See toimib p\u00f5leti juhtmeta kaugjuhtimispuldina;    T\u00f6\u00f6tab koos raadio\u00fclekande mooduliga ISM    Pakub ruumides soojusmugavust t\u00e4nu kahesuunalisele ISM-raadiosidele kontrolleritega    Lubab regulaatorite ning k\u00fctte- ja ventilatsiooniahelate k\u00f5igi parameetrite lugemist ja redigeerimist   \u00a0 Kontrollib segamisringe vastavalt ilmale ja parandab automaatselt ringluse k\u00fctmiseks k\u00fcttek\u00f5verat; Pakub v\u00e4lise m\u00e4luga koost\u00f6\u00f6 tegemiseks samaaegset seadme tarkvarauuendust microSDHC-kaardi v\u00f5i microUSB OTG (valikuline) pistikupesa kaudu. Regulaatori juhtimine WiFi kaudu mobiilirakenduse abil.\" \/>\n<meta property=\"og:url\" content=\"https:\/\/moderator.ee\/toode\/pellasx-ruumitermostaat-x80\/\" \/>\n<meta property=\"og:site_name\" content=\"Keskonnas\u00f5bralikud k\u00fcttes\u00fcsteemid\" \/>\n<meta property=\"article:publisher\" content=\"https:\/\/www.facebook.com\/Moderator-O%c3%9c-652151178237147\/?fref=ts\" \/>\n<meta property=\"article:modified_time\" content=\"2025-08-01T08:56:42+00:00\" \/>\n<meta property=\"og:image\" content=\"https:\/\/moderator.ee\/wp-content\/uploads\/2021\/04\/x80.png\" \/>\n\t<meta property=\"og:image:width\" content=\"800\" \/>\n\t<meta property=\"og:image:height\" content=\"573\" \/>\n\t<meta property=\"og:image:type\" content=\"image\/png\" \/>\n<meta name=\"twitter:card\" content=\"summary_large_image\" \/>\n<meta name=\"twitter:label1\" content=\"Est. reading time\" \/>\n\t<meta name=\"twitter:data1\" content=\"1 minute\" \/>\n<script type=\"application\/ld+json\" class=\"yoast-schema-graph\">{\"@context\":\"https:\\\/\\\/schema.org\",\"@graph\":[{\"@type\":\"WebPage\",\"@id\":\"https:\\\/\\\/moderator.ee\\\/toode\\\/pellasx-ruumitermostaat-x80\\\/\",\"url\":\"https:\\\/\\\/moderator.ee\\\/toode\\\/pellasx-ruumitermostaat-x80\\\/\",\"name\":\"PellasX ruumitermostaat X80 - Keskonnas\u00f5bralikud k\u00fcttes\u00fcsteemid\",\"isPartOf\":{\"@id\":\"https:\\\/\\\/moderator.ee\\\/#website\"},\"primaryImageOfPage\":{\"@id\":\"https:\\\/\\\/moderator.ee\\\/toode\\\/pellasx-ruumitermostaat-x80\\\/#primaryimage\"},\"image\":{\"@id\":\"https:\\\/\\\/moderator.ee\\\/toode\\\/pellasx-ruumitermostaat-x80\\\/#primaryimage\"},\"thumbnailUrl\":\"https:\\\/\\\/moderator.ee\\\/wp-content\\\/uploads\\\/2021\\\/04\\\/x80.png\",\"datePublished\":\"2021-04-09T11:07:54+00:00\",\"dateModified\":\"2025-08-01T08:56:42+00:00\",\"breadcrumb\":{\"@id\":\"https:\\\/\\\/moderator.ee\\\/toode\\\/pellasx-ruumitermostaat-x80\\\/#breadcrumb\"},\"inLanguage\":\"en-US\",\"potentialAction\":[{\"@type\":\"ReadAction\",\"target\":[\"https:\\\/\\\/moderator.ee\\\/toode\\\/pellasx-ruumitermostaat-x80\\\/\"]}]},{\"@type\":\"ImageObject\",\"inLanguage\":\"en-US\",\"@id\":\"https:\\\/\\\/moderator.ee\\\/toode\\\/pellasx-ruumitermostaat-x80\\\/#primaryimage\",\"url\":\"https:\\\/\\\/moderator.ee\\\/wp-content\\\/uploads\\\/2021\\\/04\\\/x80.png\",\"contentUrl\":\"https:\\\/\\\/moderator.ee\\\/wp-content\\\/uploads\\\/2021\\\/04\\\/x80.png\",\"width\":800,\"height\":573},{\"@type\":\"BreadcrumbList\",\"@id\":\"https:\\\/\\\/moderator.ee\\\/toode\\\/pellasx-ruumitermostaat-x80\\\/#breadcrumb\",\"itemListElement\":[{\"@type\":\"ListItem\",\"position\":1,\"name\":\"Home\",\"item\":\"https:\\\/\\\/moderator.ee\\\/\"},{\"@type\":\"ListItem\",\"position\":2,\"name\":\"Pood\",\"item\":\"https:\\\/\\\/moderator.ee\\\/pood\\\/\"},{\"@type\":\"ListItem\",\"position\":3,\"name\":\"PellasX ruumitermostaat X80\"}]},{\"@type\":\"WebSite\",\"@id\":\"https:\\\/\\\/moderator.ee\\\/#website\",\"url\":\"https:\\\/\\\/moderator.ee\\\/\",\"name\":\"Keskonnas\u00f5bralikud k\u00fcttes\u00fcsteemid\",\"description\":\"Moderator O\u00dc  keskonnas\u00f5bralikud ja \u00f6konoomsed k\u00fcttes\u00fcsteemid\",\"publisher\":{\"@id\":\"https:\\\/\\\/moderator.ee\\\/#organization\"},\"potentialAction\":[{\"@type\":\"SearchAction\",\"target\":{\"@type\":\"EntryPoint\",\"urlTemplate\":\"https:\\\/\\\/moderator.ee\\\/?s={search_term_string}\"},\"query-input\":{\"@type\":\"PropertyValueSpecification\",\"valueRequired\":true,\"valueName\":\"search_term_string\"}}],\"inLanguage\":\"en-US\"},{\"@type\":\"Organization\",\"@id\":\"https:\\\/\\\/moderator.ee\\\/#organization\",\"name\":\"Moderator O\u00fc\",\"url\":\"https:\\\/\\\/moderator.ee\\\/\",\"logo\":{\"@type\":\"ImageObject\",\"inLanguage\":\"en-US\",\"@id\":\"https:\\\/\\\/moderator.ee\\\/#\\\/schema\\\/logo\\\/image\\\/\",\"url\":\"https:\\\/\\\/moderator.ee\\\/wp-content\\\/uploads\\\/2016\\\/04\\\/Logog.png\",\"contentUrl\":\"https:\\\/\\\/moderator.ee\\\/wp-content\\\/uploads\\\/2016\\\/04\\\/Logog.png\",\"width\":740,\"height\":705,\"caption\":\"Moderator O\u00fc\"},\"image\":{\"@id\":\"https:\\\/\\\/moderator.ee\\\/#\\\/schema\\\/logo\\\/image\\\/\"},\"sameAs\":[\"https:\\\/\\\/www.facebook.com\\\/Moderator-O\u00dc-652151178237147\\\/?fref=ts\",\"https:\\\/\\\/youtu.be\\\/dC08JlNnEA0\"]}]}<\/script>\n<!-- \/ Yoast SEO plugin. -->","yoast_head_json":{"title":"PellasX ruumitermostaat X80 - Keskonnas\u00f5bralikud k\u00fcttes\u00fcsteemid","robots":{"index":"index","follow":"follow","max-snippet":"max-snippet:-1","max-image-preview":"max-image-preview:large","max-video-preview":"max-video-preview:-1"},"canonical":"https:\/\/moderator.ee\/toode\/pellasx-ruumitermostaat-x80\/","og_locale":"en_US","og_type":"article","og_title":"PellasX ruumitermostaat X80 - Keskonnas\u00f5bralikud k\u00fcttes\u00fcsteemid","og_description":"Ruumitermostaat RADIO X80 on p\u00f5leti juhtmevaba kaugjuhtimispult, millel on ruumitermostaadi funktsioon ja elektritoide. Selle \u00fcks eeliseid on v\u00f5imalus p\u00f5leti funktsioonide mugavaks kasutamiseks elutoast.    See toimib p\u00f5leti juhtmeta kaugjuhtimispuldina;    T\u00f6\u00f6tab koos raadio\u00fclekande mooduliga ISM    Pakub ruumides soojusmugavust t\u00e4nu kahesuunalisele ISM-raadiosidele kontrolleritega    Lubab regulaatorite ning k\u00fctte- ja ventilatsiooniahelate k\u00f5igi parameetrite lugemist ja redigeerimist   \u00a0 Kontrollib segamisringe vastavalt ilmale ja parandab automaatselt ringluse k\u00fctmiseks k\u00fcttek\u00f5verat; Pakub v\u00e4lise m\u00e4luga koost\u00f6\u00f6 tegemiseks samaaegset seadme tarkvarauuendust microSDHC-kaardi v\u00f5i microUSB OTG (valikuline) pistikupesa kaudu. Regulaatori juhtimine WiFi kaudu mobiilirakenduse abil.","og_url":"https:\/\/moderator.ee\/toode\/pellasx-ruumitermostaat-x80\/","og_site_name":"Keskonnas\u00f5bralikud k\u00fcttes\u00fcsteemid","article_publisher":"https:\/\/www.facebook.com\/Moderator-O%c3%9c-652151178237147\/?fref=ts","article_modified_time":"2025-08-01T08:56:42+00:00","og_image":[{"width":800,"height":573,"url":"https:\/\/moderator.ee\/wp-content\/uploads\/2021\/04\/x80.png","type":"image\/png"}],"twitter_card":"summary_large_image","twitter_misc":{"Est. reading time":"1 minute"},"schema":{"@context":"https:\/\/schema.org","@graph":[{"@type":"WebPage","@id":"https:\/\/moderator.ee\/toode\/pellasx-ruumitermostaat-x80\/","url":"https:\/\/moderator.ee\/toode\/pellasx-ruumitermostaat-x80\/","name":"PellasX ruumitermostaat X80 - Keskonnas\u00f5bralikud k\u00fcttes\u00fcsteemid","isPartOf":{"@id":"https:\/\/moderator.ee\/#website"},"primaryImageOfPage":{"@id":"https:\/\/moderator.ee\/toode\/pellasx-ruumitermostaat-x80\/#primaryimage"},"image":{"@id":"https:\/\/moderator.ee\/toode\/pellasx-ruumitermostaat-x80\/#primaryimage"},"thumbnailUrl":"https:\/\/moderator.ee\/wp-content\/uploads\/2021\/04\/x80.png","datePublished":"2021-04-09T11:07:54+00:00","dateModified":"2025-08-01T08:56:42+00:00","breadcrumb":{"@id":"https:\/\/moderator.ee\/toode\/pellasx-ruumitermostaat-x80\/#breadcrumb"},"inLanguage":"en-US","potentialAction":[{"@type":"ReadAction","target":["https:\/\/moderator.ee\/toode\/pellasx-ruumitermostaat-x80\/"]}]},{"@type":"ImageObject","inLanguage":"en-US","@id":"https:\/\/moderator.ee\/toode\/pellasx-ruumitermostaat-x80\/#primaryimage","url":"https:\/\/moderator.ee\/wp-content\/uploads\/2021\/04\/x80.png","contentUrl":"https:\/\/moderator.ee\/wp-content\/uploads\/2021\/04\/x80.png","width":800,"height":573},{"@type":"BreadcrumbList","@id":"https:\/\/moderator.ee\/toode\/pellasx-ruumitermostaat-x80\/#breadcrumb","itemListElement":[{"@type":"ListItem","position":1,"name":"Home","item":"https:\/\/moderator.ee\/"},{"@type":"ListItem","position":2,"name":"Pood","item":"https:\/\/moderator.ee\/pood\/"},{"@type":"ListItem","position":3,"name":"PellasX ruumitermostaat X80"}]},{"@type":"WebSite","@id":"https:\/\/moderator.ee\/#website","url":"https:\/\/moderator.ee\/","name":"Keskonnas\u00f5bralikud k\u00fcttes\u00fcsteemid","description":"Moderator O\u00dc  keskonnas\u00f5bralikud ja \u00f6konoomsed k\u00fcttes\u00fcsteemid","publisher":{"@id":"https:\/\/moderator.ee\/#organization"},"potentialAction":[{"@type":"SearchAction","target":{"@type":"EntryPoint","urlTemplate":"https:\/\/moderator.ee\/?s={search_term_string}"},"query-input":{"@type":"PropertyValueSpecification","valueRequired":true,"valueName":"search_term_string"}}],"inLanguage":"en-US"},{"@type":"Organization","@id":"https:\/\/moderator.ee\/#organization","name":"Moderator O\u00fc","url":"https:\/\/moderator.ee\/","logo":{"@type":"ImageObject","inLanguage":"en-US","@id":"https:\/\/moderator.ee\/#\/schema\/logo\/image\/","url":"https:\/\/moderator.ee\/wp-content\/uploads\/2016\/04\/Logog.png","contentUrl":"https:\/\/moderator.ee\/wp-content\/uploads\/2016\/04\/Logog.png","width":740,"height":705,"caption":"Moderator O\u00fc"},"image":{"@id":"https:\/\/moderator.ee\/#\/schema\/logo\/image\/"},"sameAs":["https:\/\/www.facebook.com\/Moderator-O\u00dc-652151178237147\/?fref=ts","https:\/\/youtu.be\/dC08JlNnEA0"]}]}},"_links":{"self":[{"href":"https:\/\/moderator.ee\/en\/wp-json\/wp\/v2\/product\/3467","targetHints":{"allow":["GET"]}}],"collection":[{"href":"https:\/\/moderator.ee\/en\/wp-json\/wp\/v2\/product"}],"about":[{"href":"https:\/\/moderator.ee\/en\/wp-json\/wp\/v2\/types\/product"}],"replies":[{"embeddable":true,"href":"https:\/\/moderator.ee\/en\/wp-json\/wp\/v2\/comments?post=3467"}],"wp:featuredmedia":[{"embeddable":true,"href":"https:\/\/moderator.ee\/en\/wp-json\/wp\/v2\/media\/3474"}],"wp:attachment":[{"href":"https:\/\/moderator.ee\/en\/wp-json\/wp\/v2\/media?parent=3467"}],"wp:term":[{"taxonomy":"product_brand","embeddable":true,"href":"https:\/\/moderator.ee\/en\/wp-json\/wp\/v2\/product_brand?post=3467"},{"taxonomy":"product_cat","embeddable":true,"href":"https:\/\/moderator.ee\/en\/wp-json\/wp\/v2\/product_cat?post=3467"},{"taxonomy":"product_tag","embeddable":true,"href":"https:\/\/moderator.ee\/en\/wp-json\/wp\/v2\/product_tag?post=3467"}],"curies":[{"name":"wp","href":"https:\/\/api.w.org\/{rel}","templated":true}]}}