{"id":3627,"date":"2021-11-01T10:57:00","date_gmt":"2021-11-01T08:57:00","guid":{"rendered":"https:\/\/moderator.ee\/?post_type=product&#038;p=3627"},"modified":"2025-07-01T01:09:23","modified_gmt":"2025-06-30T22:09:23","slug":"pellasx-pelletipoleti-revo-35kw","status":"publish","type":"product","link":"https:\/\/moderator.ee\/en\/toode\/pellasx-pelletipoleti-revo-35kw\/","title":{"rendered":"PellasX pelletip\u00f5leti M 100KW"},"content":{"rendered":"<ul>\n<li><strong>T\u00fc\u00fcp REVO mini<br \/>\n<\/strong><\/li>\n<li><strong>V\u00f5imsus 30 \u2013 100 kW<\/strong><\/li>\n<li><strong>Toide 230 V AC \/ 50 Hz<\/strong><\/li>\n<li><strong>Keskmine v\u00f5imsustarve 350 W<\/strong><\/li>\n<li><strong>Kaal 35 kg<\/strong><\/li>\n<li><strong>Teo pikkus 2 m<\/strong><\/li>\n<li><strong>K\u00fctus pellet 6 \u2013 8mm<\/strong><\/li>\n<li><strong>P\u00f5lemise efektiivsus kuni 99%<\/strong><\/li>\n<li><strong>Ahju efektiivsus\u00a0kuni 96%<\/strong><\/li>\n<li><strong>V\u00e4ljundi seadistus JAH<\/strong><\/li>\n<li><strong>Lambda andur JAH (valikuline)<\/strong><\/li>\n<li><strong>Keskk\u00fctte s\u00fcsteemi pumba juhtimine JAH<\/strong><\/li>\n<li><strong>Sooja vee pumba juhtimine JAH\u00a0<\/strong><\/li>\n<li><strong>Toa temperatuuri sensor JAH (valikuline)<\/strong><\/li>\n<li><strong>Ilmastiku automaatne kontroll JAH (valikuline)<\/strong><\/li>\n<li><strong>P\u00e4ikesepaneelide juhtimine JAH (valikuline)<\/strong><\/li>\n<\/ul>\n","protected":false},"excerpt":{"rendered":"<h2><strong>Komplekt:P\u00f5leti, automaatika, etteandetigu 2m<\/strong><\/h2>\n<p><strong>V\u00f5imsus: 30- 100 kw<\/strong><\/p>\n<ul>\n<li><strong>Mitme astmeline modulaarne p\u00f5lemiskamber<\/strong><\/li>\n<li><strong>InCrox metallist<\/strong><\/li>\n<li><strong>H\u00fcbriidajami s\u00fcsteem.<\/strong><\/li>\n<li><strong>Ettandes tulem\u00fc\u00fcr<\/strong><\/li>\n<li><strong>Tulekindel keraamika<\/strong><\/li>\n<li><strong>K\u00fctuse segamise s\u00fcsteem<\/strong><\/li>\n<li><strong>Reguleeritav sekundaarne \u00f5hus\u00fcsteem<\/strong><\/li>\n<li><strong>X.Plug s\u00fcsteem<\/strong><\/li>\n<li><strong>X.Shell s\u00fcsteem<\/strong><\/li>\n<li><strong>X.Gnite s\u00fcsteem<\/strong><\/li>\n<li><strong>Ohutuss\u00fcsteemid<\/strong><\/li>\n<\/ul>\n","protected":false},"featured_media":4387,"comment_status":"closed","ping_status":"closed","template":"","meta":[],"product_brand":[],"product_cat":[52,49],"product_tag":[],"class_list":{"0":"post-3627","1":"product","2":"type-product","3":"status-publish","4":"has-post-thumbnail","6":"product_cat-m-stiil","7":"product_cat-pellasx","8":"product_shipping_class-kokkuleppel","10":"first","11":"instock","12":"taxable","13":"shipping-taxable","14":"purchasable","15":"product-type-simple"},"yoast_head":"<!-- This site is optimized with the Yoast SEO plugin v27.5 - https:\/\/yoast.com\/product\/yoast-seo-wordpress\/ -->\n<title>PellasX pelletip\u00f5leti M 100KW - Keskonnas\u00f5bralikud k\u00fcttes\u00fcsteemid<\/title>\n<meta name=\"robots\" content=\"index, follow, max-snippet:-1, max-image-preview:large, max-video-preview:-1\" \/>\n<link rel=\"canonical\" href=\"https:\/\/moderator.ee\/toode\/pellasx-pelletipoleti-revo-35kw\/\" \/>\n<meta property=\"og:locale\" content=\"en_US\" \/>\n<meta property=\"og:type\" content=\"article\" \/>\n<meta property=\"og:title\" content=\"PellasX pelletip\u00f5leti M 100KW - Keskonnas\u00f5bralikud k\u00fcttes\u00fcsteemid\" \/>\n<meta property=\"og:description\" content=\"Komplekt:P\u00f5leti, automaatika, etteandetigu 2m V\u00f5imsus: 30- 100 kw   Mitme astmeline modulaarne p\u00f5lemiskamber  InCrox metallist  H\u00fcbriidajami s\u00fcsteem.  Ettandes tulem\u00fc\u00fcr  Tulekindel keraamika  K\u00fctuse segamise s\u00fcsteem  Reguleeritav sekundaarne \u00f5hus\u00fcsteem  X.Plug s\u00fcsteem  X.Shell s\u00fcsteem  X.Gnite s\u00fcsteem  Ohutuss\u00fcsteemid\" \/>\n<meta property=\"og:url\" content=\"https:\/\/moderator.ee\/toode\/pellasx-pelletipoleti-revo-35kw\/\" \/>\n<meta property=\"og:site_name\" content=\"Keskonnas\u00f5bralikud k\u00fcttes\u00fcsteemid\" \/>\n<meta property=\"article:publisher\" content=\"https:\/\/www.facebook.com\/Moderator-O%c3%9c-652151178237147\/?fref=ts\" \/>\n<meta property=\"article:modified_time\" content=\"2025-06-30T22:09:23+00:00\" \/>\n<meta property=\"og:image\" content=\"https:\/\/moderator.ee\/wp-content\/uploads\/2021\/11\/M100-Izometryczny-2-e1685440191134.png\" \/>\n\t<meta property=\"og:image:width\" content=\"1440\" \/>\n\t<meta property=\"og:image:height\" content=\"1080\" \/>\n\t<meta property=\"og:image:type\" content=\"image\/png\" \/>\n<meta name=\"twitter:card\" content=\"summary_large_image\" \/>\n<meta name=\"twitter:label1\" content=\"Est. reading time\" \/>\n\t<meta name=\"twitter:data1\" content=\"1 minute\" \/>\n<script type=\"application\/ld+json\" class=\"yoast-schema-graph\">{\"@context\":\"https:\\\/\\\/schema.org\",\"@graph\":[{\"@type\":\"WebPage\",\"@id\":\"https:\\\/\\\/moderator.ee\\\/toode\\\/pellasx-pelletipoleti-revo-35kw\\\/\",\"url\":\"https:\\\/\\\/moderator.ee\\\/toode\\\/pellasx-pelletipoleti-revo-35kw\\\/\",\"name\":\"PellasX pelletip\u00f5leti M 100KW - Keskonnas\u00f5bralikud k\u00fcttes\u00fcsteemid\",\"isPartOf\":{\"@id\":\"https:\\\/\\\/moderator.ee\\\/#website\"},\"primaryImageOfPage\":{\"@id\":\"https:\\\/\\\/moderator.ee\\\/toode\\\/pellasx-pelletipoleti-revo-35kw\\\/#primaryimage\"},\"image\":{\"@id\":\"https:\\\/\\\/moderator.ee\\\/toode\\\/pellasx-pelletipoleti-revo-35kw\\\/#primaryimage\"},\"thumbnailUrl\":\"https:\\\/\\\/moderator.ee\\\/wp-content\\\/uploads\\\/2021\\\/11\\\/M100-Izometryczny-2-e1685440191134.png\",\"datePublished\":\"2021-11-01T08:57:00+00:00\",\"dateModified\":\"2025-06-30T22:09:23+00:00\",\"breadcrumb\":{\"@id\":\"https:\\\/\\\/moderator.ee\\\/toode\\\/pellasx-pelletipoleti-revo-35kw\\\/#breadcrumb\"},\"inLanguage\":\"en-US\",\"potentialAction\":[{\"@type\":\"ReadAction\",\"target\":[\"https:\\\/\\\/moderator.ee\\\/toode\\\/pellasx-pelletipoleti-revo-35kw\\\/\"]}]},{\"@type\":\"ImageObject\",\"inLanguage\":\"en-US\",\"@id\":\"https:\\\/\\\/moderator.ee\\\/toode\\\/pellasx-pelletipoleti-revo-35kw\\\/#primaryimage\",\"url\":\"https:\\\/\\\/moderator.ee\\\/wp-content\\\/uploads\\\/2021\\\/11\\\/M100-Izometryczny-2-e1685440191134.png\",\"contentUrl\":\"https:\\\/\\\/moderator.ee\\\/wp-content\\\/uploads\\\/2021\\\/11\\\/M100-Izometryczny-2-e1685440191134.png\",\"width\":1440,\"height\":1080},{\"@type\":\"BreadcrumbList\",\"@id\":\"https:\\\/\\\/moderator.ee\\\/toode\\\/pellasx-pelletipoleti-revo-35kw\\\/#breadcrumb\",\"itemListElement\":[{\"@type\":\"ListItem\",\"position\":1,\"name\":\"Home\",\"item\":\"https:\\\/\\\/moderator.ee\\\/\"},{\"@type\":\"ListItem\",\"position\":2,\"name\":\"Pood\",\"item\":\"https:\\\/\\\/moderator.ee\\\/pood\\\/\"},{\"@type\":\"ListItem\",\"position\":3,\"name\":\"PellasX pelletip\u00f5leti M 100KW\"}]},{\"@type\":\"WebSite\",\"@id\":\"https:\\\/\\\/moderator.ee\\\/#website\",\"url\":\"https:\\\/\\\/moderator.ee\\\/\",\"name\":\"Keskonnas\u00f5bralikud k\u00fcttes\u00fcsteemid\",\"description\":\"Moderator O\u00dc  keskonnas\u00f5bralikud ja \u00f6konoomsed k\u00fcttes\u00fcsteemid\",\"publisher\":{\"@id\":\"https:\\\/\\\/moderator.ee\\\/#organization\"},\"potentialAction\":[{\"@type\":\"SearchAction\",\"target\":{\"@type\":\"EntryPoint\",\"urlTemplate\":\"https:\\\/\\\/moderator.ee\\\/?s={search_term_string}\"},\"query-input\":{\"@type\":\"PropertyValueSpecification\",\"valueRequired\":true,\"valueName\":\"search_term_string\"}}],\"inLanguage\":\"en-US\"},{\"@type\":\"Organization\",\"@id\":\"https:\\\/\\\/moderator.ee\\\/#organization\",\"name\":\"Moderator O\u00fc\",\"url\":\"https:\\\/\\\/moderator.ee\\\/\",\"logo\":{\"@type\":\"ImageObject\",\"inLanguage\":\"en-US\",\"@id\":\"https:\\\/\\\/moderator.ee\\\/#\\\/schema\\\/logo\\\/image\\\/\",\"url\":\"https:\\\/\\\/moderator.ee\\\/wp-content\\\/uploads\\\/2016\\\/04\\\/Logog.png\",\"contentUrl\":\"https:\\\/\\\/moderator.ee\\\/wp-content\\\/uploads\\\/2016\\\/04\\\/Logog.png\",\"width\":740,\"height\":705,\"caption\":\"Moderator O\u00fc\"},\"image\":{\"@id\":\"https:\\\/\\\/moderator.ee\\\/#\\\/schema\\\/logo\\\/image\\\/\"},\"sameAs\":[\"https:\\\/\\\/www.facebook.com\\\/Moderator-O\u00dc-652151178237147\\\/?fref=ts\",\"https:\\\/\\\/youtu.be\\\/dC08JlNnEA0\"]}]}<\/script>\n<!-- \/ Yoast SEO plugin. -->","yoast_head_json":{"title":"PellasX pelletip\u00f5leti M 100KW - Keskonnas\u00f5bralikud k\u00fcttes\u00fcsteemid","robots":{"index":"index","follow":"follow","max-snippet":"max-snippet:-1","max-image-preview":"max-image-preview:large","max-video-preview":"max-video-preview:-1"},"canonical":"https:\/\/moderator.ee\/toode\/pellasx-pelletipoleti-revo-35kw\/","og_locale":"en_US","og_type":"article","og_title":"PellasX pelletip\u00f5leti M 100KW - Keskonnas\u00f5bralikud k\u00fcttes\u00fcsteemid","og_description":"Komplekt:P\u00f5leti, automaatika, etteandetigu 2m V\u00f5imsus: 30- 100 kw   Mitme astmeline modulaarne p\u00f5lemiskamber  InCrox metallist  H\u00fcbriidajami s\u00fcsteem.  Ettandes tulem\u00fc\u00fcr  Tulekindel keraamika  K\u00fctuse segamise s\u00fcsteem  Reguleeritav sekundaarne \u00f5hus\u00fcsteem  X.Plug s\u00fcsteem  X.Shell s\u00fcsteem  X.Gnite s\u00fcsteem  Ohutuss\u00fcsteemid","og_url":"https:\/\/moderator.ee\/toode\/pellasx-pelletipoleti-revo-35kw\/","og_site_name":"Keskonnas\u00f5bralikud k\u00fcttes\u00fcsteemid","article_publisher":"https:\/\/www.facebook.com\/Moderator-O%c3%9c-652151178237147\/?fref=ts","article_modified_time":"2025-06-30T22:09:23+00:00","og_image":[{"width":1440,"height":1080,"url":"https:\/\/moderator.ee\/wp-content\/uploads\/2021\/11\/M100-Izometryczny-2-e1685440191134.png","type":"image\/png"}],"twitter_card":"summary_large_image","twitter_misc":{"Est. reading time":"1 minute"},"schema":{"@context":"https:\/\/schema.org","@graph":[{"@type":"WebPage","@id":"https:\/\/moderator.ee\/toode\/pellasx-pelletipoleti-revo-35kw\/","url":"https:\/\/moderator.ee\/toode\/pellasx-pelletipoleti-revo-35kw\/","name":"PellasX pelletip\u00f5leti M 100KW - Keskonnas\u00f5bralikud k\u00fcttes\u00fcsteemid","isPartOf":{"@id":"https:\/\/moderator.ee\/#website"},"primaryImageOfPage":{"@id":"https:\/\/moderator.ee\/toode\/pellasx-pelletipoleti-revo-35kw\/#primaryimage"},"image":{"@id":"https:\/\/moderator.ee\/toode\/pellasx-pelletipoleti-revo-35kw\/#primaryimage"},"thumbnailUrl":"https:\/\/moderator.ee\/wp-content\/uploads\/2021\/11\/M100-Izometryczny-2-e1685440191134.png","datePublished":"2021-11-01T08:57:00+00:00","dateModified":"2025-06-30T22:09:23+00:00","breadcrumb":{"@id":"https:\/\/moderator.ee\/toode\/pellasx-pelletipoleti-revo-35kw\/#breadcrumb"},"inLanguage":"en-US","potentialAction":[{"@type":"ReadAction","target":["https:\/\/moderator.ee\/toode\/pellasx-pelletipoleti-revo-35kw\/"]}]},{"@type":"ImageObject","inLanguage":"en-US","@id":"https:\/\/moderator.ee\/toode\/pellasx-pelletipoleti-revo-35kw\/#primaryimage","url":"https:\/\/moderator.ee\/wp-content\/uploads\/2021\/11\/M100-Izometryczny-2-e1685440191134.png","contentUrl":"https:\/\/moderator.ee\/wp-content\/uploads\/2021\/11\/M100-Izometryczny-2-e1685440191134.png","width":1440,"height":1080},{"@type":"BreadcrumbList","@id":"https:\/\/moderator.ee\/toode\/pellasx-pelletipoleti-revo-35kw\/#breadcrumb","itemListElement":[{"@type":"ListItem","position":1,"name":"Home","item":"https:\/\/moderator.ee\/"},{"@type":"ListItem","position":2,"name":"Pood","item":"https:\/\/moderator.ee\/pood\/"},{"@type":"ListItem","position":3,"name":"PellasX pelletip\u00f5leti M 100KW"}]},{"@type":"WebSite","@id":"https:\/\/moderator.ee\/#website","url":"https:\/\/moderator.ee\/","name":"Keskonnas\u00f5bralikud k\u00fcttes\u00fcsteemid","description":"Moderator O\u00dc  keskonnas\u00f5bralikud ja \u00f6konoomsed k\u00fcttes\u00fcsteemid","publisher":{"@id":"https:\/\/moderator.ee\/#organization"},"potentialAction":[{"@type":"SearchAction","target":{"@type":"EntryPoint","urlTemplate":"https:\/\/moderator.ee\/?s={search_term_string}"},"query-input":{"@type":"PropertyValueSpecification","valueRequired":true,"valueName":"search_term_string"}}],"inLanguage":"en-US"},{"@type":"Organization","@id":"https:\/\/moderator.ee\/#organization","name":"Moderator O\u00fc","url":"https:\/\/moderator.ee\/","logo":{"@type":"ImageObject","inLanguage":"en-US","@id":"https:\/\/moderator.ee\/#\/schema\/logo\/image\/","url":"https:\/\/moderator.ee\/wp-content\/uploads\/2016\/04\/Logog.png","contentUrl":"https:\/\/moderator.ee\/wp-content\/uploads\/2016\/04\/Logog.png","width":740,"height":705,"caption":"Moderator O\u00fc"},"image":{"@id":"https:\/\/moderator.ee\/#\/schema\/logo\/image\/"},"sameAs":["https:\/\/www.facebook.com\/Moderator-O\u00dc-652151178237147\/?fref=ts","https:\/\/youtu.be\/dC08JlNnEA0"]}]}},"_links":{"self":[{"href":"https:\/\/moderator.ee\/en\/wp-json\/wp\/v2\/product\/3627","targetHints":{"allow":["GET"]}}],"collection":[{"href":"https:\/\/moderator.ee\/en\/wp-json\/wp\/v2\/product"}],"about":[{"href":"https:\/\/moderator.ee\/en\/wp-json\/wp\/v2\/types\/product"}],"replies":[{"embeddable":true,"href":"https:\/\/moderator.ee\/en\/wp-json\/wp\/v2\/comments?post=3627"}],"wp:featuredmedia":[{"embeddable":true,"href":"https:\/\/moderator.ee\/en\/wp-json\/wp\/v2\/media\/4387"}],"wp:attachment":[{"href":"https:\/\/moderator.ee\/en\/wp-json\/wp\/v2\/media?parent=3627"}],"wp:term":[{"taxonomy":"product_brand","embeddable":true,"href":"https:\/\/moderator.ee\/en\/wp-json\/wp\/v2\/product_brand?post=3627"},{"taxonomy":"product_cat","embeddable":true,"href":"https:\/\/moderator.ee\/en\/wp-json\/wp\/v2\/product_cat?post=3627"},{"taxonomy":"product_tag","embeddable":true,"href":"https:\/\/moderator.ee\/en\/wp-json\/wp\/v2\/product_tag?post=3627"}],"curies":[{"name":"wp","href":"https:\/\/api.w.org\/{rel}","templated":true}]}}