{"id":4071,"date":"2023-03-24T10:41:03","date_gmt":"2023-03-24T08:41:03","guid":{"rendered":"https:\/\/moderator.ee\/?post_type=product&#038;p=4071"},"modified":"2025-07-01T01:09:23","modified_gmt":"2025-06-30T22:09:23","slug":"taisautomaatne-pelletikatel-lidya-compact-25-prestige","status":"publish","type":"product","link":"https:\/\/moderator.ee\/en\/toode\/taisautomaatne-pelletikatel-lidya-compact-25-prestige\/","title":{"rendered":"Pelletikatel LIDYA COMPACT 15  PRESTIGE"},"content":{"rendered":"<h3 class=\"western\">V\u00f5imsus (kW): 5-15<\/h3>\n<h3 class=\"western\"><span lang=\"et-EE\">Laius (mm): 910<\/span><\/h3>\n<h3 class=\"western\"><span lang=\"et-EE\">S\u00fcgavus (mm): 928<\/span><\/h3>\n<h3 class=\"western\"><span lang=\"et-EE\">K\u00f5rgus (mm): 1200<\/span><\/h3>\n<h3 class=\"western\"><span lang=\"et-EE\">Korstna l\u00e4bim\u00f5\u00f5t (mm): 80<\/span><\/h3>\n<h3 class=\"western\"><span lang=\"et-EE\">Kaal (kg): 188<\/span><\/h3>\n<h3 class=\"western\"><span lang=\"et-EE\">Vee maht boileris (L): 29<\/span><\/h3>\n<h3 class=\"western\"><span lang=\"et-EE\">T\u00f6\u00f6r\u00f5hk (bar): 3<\/span><\/h3>\n<h3 class=\"western\"><span lang=\"et-EE\">Max t\u00f6\u00f6temperatuur (C): 90<\/span><\/h3>\n<h3 class=\"western\"><span lang=\"et-EE\">Pelletimahuti maht (L): 240<\/span><\/h3>\n<h3 class=\"western\"><span lang=\"et-EE\">Ventilaatori v\u00f5imsus (W): 50<\/span><\/h3>\n<h3 class=\"western\"><span lang=\"et-EE\">Pelletikulu (kg\/h): 1,1-3,3<\/span><\/h3>\n<h3 class=\"western\"><span lang=\"et-EE\">Katla komplektis tsirkulatsioonipump, paisupaak ja kaitseklapp<\/span><\/h3>\n<h3 class=\"western\"><span lang=\"et-EE\">Automaatne tuhaeemalduss\u00fcsteem<\/span><\/h3>\n<h3 class=\"western\"><span lang=\"et-EE\">Isepuhastuv <\/span><span lang=\"et-EE\">pelleti<\/span><span lang=\"et-EE\">p\u00f5leti<\/span><\/h3>\n<h3 class=\"western\"><span lang=\"et-EE\">Automaatne soojusvaheti puhastus<\/span><\/h3>\n<h3 class=\"western\"><span lang=\"et-EE\">Automaatne pelleti etteanne <\/span><\/h3>\n<h3 class=\"western\"><span lang=\"et-EE\">Automaatne s\u00fc\u00fctamine<\/span><\/h3>\n","protected":false},"excerpt":{"rendered":"<p><a href=\"https:\/\/moderator.ee\/wp-content\/uploads\/2023\/03\/lidya-compact-prestige-300x356-1.png\"><img fetchpriority=\"high\" decoding=\"async\" class=\"alignnone size-medium wp-image-4072\" src=\"https:\/\/moderator.ee\/wp-content\/uploads\/2023\/03\/lidya-compact-prestige-300x356-1-253x300.png\" alt=\"\" width=\"253\" height=\"300\" srcset=\"https:\/\/moderator.ee\/wp-content\/uploads\/2023\/03\/lidya-compact-prestige-300x356-1-253x300.png 253w, https:\/\/moderator.ee\/wp-content\/uploads\/2023\/03\/lidya-compact-prestige-300x356-1.png 300w\" sizes=\"(max-width: 253px) 100vw, 253px\" \/><\/a><\/p>\n","protected":false},"featured_media":4072,"comment_status":"closed","ping_status":"closed","template":"","meta":[],"product_brand":[],"product_cat":[63],"product_tag":[],"class_list":{"0":"post-4071","1":"product","2":"type-product","3":"status-publish","4":"has-post-thumbnail","6":"product_cat-pelletikatlad","8":"first","9":"instock","10":"taxable","11":"shipping-taxable","12":"purchasable","13":"product-type-simple"},"yoast_head":"<!-- This site is optimized with the Yoast SEO plugin v27.5 - https:\/\/yoast.com\/product\/yoast-seo-wordpress\/ -->\n<title>Pelletikatel LIDYA COMPACT 15 PRESTIGE - Keskonnas\u00f5bralikud k\u00fcttes\u00fcsteemid<\/title>\n<meta name=\"description\" content=\"T\u00e4iskomplektne pelletikatel 25 kw.Komplektis tsirkulatsioonipump, paisupaak ,kaitseklapp, automaatne tuhaeemalduss\u00fcsteem, isepuhastuv pelletip\u00f5leti, automaatne soojusvaheti puhastus ,automaatne pelleti etteanne, automaatne s\u00fc\u00fctamine\" \/>\n<meta name=\"robots\" content=\"index, follow, max-snippet:-1, max-image-preview:large, max-video-preview:-1\" \/>\n<link rel=\"canonical\" href=\"https:\/\/moderator.ee\/toode\/taisautomaatne-pelletikatel-lidya-compact-25-prestige\/\" \/>\n<meta property=\"og:locale\" content=\"en_US\" \/>\n<meta property=\"og:type\" content=\"article\" \/>\n<meta property=\"og:title\" content=\"Pelletikatel LIDYA COMPACT 15 PRESTIGE - Keskonnas\u00f5bralikud k\u00fcttes\u00fcsteemid\" \/>\n<meta property=\"og:description\" content=\"T\u00e4iskomplektne pelletikatel 25 kw.Komplektis tsirkulatsioonipump, paisupaak ,kaitseklapp, automaatne tuhaeemalduss\u00fcsteem, isepuhastuv pelletip\u00f5leti, automaatne soojusvaheti puhastus ,automaatne pelleti etteanne, automaatne s\u00fc\u00fctamine\" \/>\n<meta property=\"og:url\" content=\"https:\/\/moderator.ee\/toode\/taisautomaatne-pelletikatel-lidya-compact-25-prestige\/\" \/>\n<meta property=\"og:site_name\" content=\"Keskonnas\u00f5bralikud k\u00fcttes\u00fcsteemid\" \/>\n<meta property=\"article:publisher\" content=\"https:\/\/www.facebook.com\/Moderator-O%c3%9c-652151178237147\/?fref=ts\" \/>\n<meta property=\"article:modified_time\" content=\"2025-06-30T22:09:23+00:00\" \/>\n<meta property=\"og:image\" content=\"https:\/\/moderator.ee\/wp-content\/uploads\/2023\/03\/lidya-compact-prestige-300x356-1.png\" \/>\n\t<meta property=\"og:image:width\" content=\"300\" \/>\n\t<meta property=\"og:image:height\" content=\"356\" \/>\n\t<meta property=\"og:image:type\" content=\"image\/png\" \/>\n<meta name=\"twitter:card\" content=\"summary_large_image\" \/>\n<meta name=\"twitter:label1\" content=\"Est. reading time\" \/>\n\t<meta name=\"twitter:data1\" content=\"1 minute\" \/>\n<script type=\"application\/ld+json\" class=\"yoast-schema-graph\">{\"@context\":\"https:\\\/\\\/schema.org\",\"@graph\":[{\"@type\":\"WebPage\",\"@id\":\"https:\\\/\\\/moderator.ee\\\/toode\\\/taisautomaatne-pelletikatel-lidya-compact-25-prestige\\\/\",\"url\":\"https:\\\/\\\/moderator.ee\\\/toode\\\/taisautomaatne-pelletikatel-lidya-compact-25-prestige\\\/\",\"name\":\"Pelletikatel LIDYA COMPACT 15 PRESTIGE - Keskonnas\u00f5bralikud k\u00fcttes\u00fcsteemid\",\"isPartOf\":{\"@id\":\"https:\\\/\\\/moderator.ee\\\/#website\"},\"primaryImageOfPage\":{\"@id\":\"https:\\\/\\\/moderator.ee\\\/toode\\\/taisautomaatne-pelletikatel-lidya-compact-25-prestige\\\/#primaryimage\"},\"image\":{\"@id\":\"https:\\\/\\\/moderator.ee\\\/toode\\\/taisautomaatne-pelletikatel-lidya-compact-25-prestige\\\/#primaryimage\"},\"thumbnailUrl\":\"https:\\\/\\\/moderator.ee\\\/wp-content\\\/uploads\\\/2023\\\/03\\\/lidya-compact-prestige-300x356-1.png\",\"datePublished\":\"2023-03-24T08:41:03+00:00\",\"dateModified\":\"2025-06-30T22:09:23+00:00\",\"description\":\"T\u00e4iskomplektne pelletikatel 25 kw.Komplektis tsirkulatsioonipump, paisupaak ,kaitseklapp, automaatne tuhaeemalduss\u00fcsteem, isepuhastuv pelletip\u00f5leti, automaatne soojusvaheti puhastus ,automaatne pelleti etteanne, automaatne s\u00fc\u00fctamine\",\"breadcrumb\":{\"@id\":\"https:\\\/\\\/moderator.ee\\\/toode\\\/taisautomaatne-pelletikatel-lidya-compact-25-prestige\\\/#breadcrumb\"},\"inLanguage\":\"en-US\",\"potentialAction\":[{\"@type\":\"ReadAction\",\"target\":[\"https:\\\/\\\/moderator.ee\\\/toode\\\/taisautomaatne-pelletikatel-lidya-compact-25-prestige\\\/\"]}]},{\"@type\":\"ImageObject\",\"inLanguage\":\"en-US\",\"@id\":\"https:\\\/\\\/moderator.ee\\\/toode\\\/taisautomaatne-pelletikatel-lidya-compact-25-prestige\\\/#primaryimage\",\"url\":\"https:\\\/\\\/moderator.ee\\\/wp-content\\\/uploads\\\/2023\\\/03\\\/lidya-compact-prestige-300x356-1.png\",\"contentUrl\":\"https:\\\/\\\/moderator.ee\\\/wp-content\\\/uploads\\\/2023\\\/03\\\/lidya-compact-prestige-300x356-1.png\",\"width\":300,\"height\":356},{\"@type\":\"BreadcrumbList\",\"@id\":\"https:\\\/\\\/moderator.ee\\\/toode\\\/taisautomaatne-pelletikatel-lidya-compact-25-prestige\\\/#breadcrumb\",\"itemListElement\":[{\"@type\":\"ListItem\",\"position\":1,\"name\":\"Home\",\"item\":\"https:\\\/\\\/moderator.ee\\\/\"},{\"@type\":\"ListItem\",\"position\":2,\"name\":\"Pood\",\"item\":\"https:\\\/\\\/moderator.ee\\\/pood\\\/\"},{\"@type\":\"ListItem\",\"position\":3,\"name\":\"Pelletikatel LIDYA COMPACT 15 PRESTIGE\"}]},{\"@type\":\"WebSite\",\"@id\":\"https:\\\/\\\/moderator.ee\\\/#website\",\"url\":\"https:\\\/\\\/moderator.ee\\\/\",\"name\":\"Keskonnas\u00f5bralikud k\u00fcttes\u00fcsteemid\",\"description\":\"Moderator O\u00dc  keskonnas\u00f5bralikud ja \u00f6konoomsed k\u00fcttes\u00fcsteemid\",\"publisher\":{\"@id\":\"https:\\\/\\\/moderator.ee\\\/#organization\"},\"potentialAction\":[{\"@type\":\"SearchAction\",\"target\":{\"@type\":\"EntryPoint\",\"urlTemplate\":\"https:\\\/\\\/moderator.ee\\\/?s={search_term_string}\"},\"query-input\":{\"@type\":\"PropertyValueSpecification\",\"valueRequired\":true,\"valueName\":\"search_term_string\"}}],\"inLanguage\":\"en-US\"},{\"@type\":\"Organization\",\"@id\":\"https:\\\/\\\/moderator.ee\\\/#organization\",\"name\":\"Moderator O\u00fc\",\"url\":\"https:\\\/\\\/moderator.ee\\\/\",\"logo\":{\"@type\":\"ImageObject\",\"inLanguage\":\"en-US\",\"@id\":\"https:\\\/\\\/moderator.ee\\\/#\\\/schema\\\/logo\\\/image\\\/\",\"url\":\"https:\\\/\\\/moderator.ee\\\/wp-content\\\/uploads\\\/2016\\\/04\\\/Logog.png\",\"contentUrl\":\"https:\\\/\\\/moderator.ee\\\/wp-content\\\/uploads\\\/2016\\\/04\\\/Logog.png\",\"width\":740,\"height\":705,\"caption\":\"Moderator O\u00fc\"},\"image\":{\"@id\":\"https:\\\/\\\/moderator.ee\\\/#\\\/schema\\\/logo\\\/image\\\/\"},\"sameAs\":[\"https:\\\/\\\/www.facebook.com\\\/Moderator-O\u00dc-652151178237147\\\/?fref=ts\",\"https:\\\/\\\/youtu.be\\\/dC08JlNnEA0\"]}]}<\/script>\n<!-- \/ Yoast SEO plugin. -->","yoast_head_json":{"title":"Pelletikatel LIDYA COMPACT 15 PRESTIGE - Keskonnas\u00f5bralikud k\u00fcttes\u00fcsteemid","description":"T\u00e4iskomplektne pelletikatel 25 kw.Komplektis tsirkulatsioonipump, paisupaak ,kaitseklapp, automaatne tuhaeemalduss\u00fcsteem, isepuhastuv pelletip\u00f5leti, automaatne soojusvaheti puhastus ,automaatne pelleti etteanne, automaatne s\u00fc\u00fctamine","robots":{"index":"index","follow":"follow","max-snippet":"max-snippet:-1","max-image-preview":"max-image-preview:large","max-video-preview":"max-video-preview:-1"},"canonical":"https:\/\/moderator.ee\/toode\/taisautomaatne-pelletikatel-lidya-compact-25-prestige\/","og_locale":"en_US","og_type":"article","og_title":"Pelletikatel LIDYA COMPACT 15 PRESTIGE - Keskonnas\u00f5bralikud k\u00fcttes\u00fcsteemid","og_description":"T\u00e4iskomplektne pelletikatel 25 kw.Komplektis tsirkulatsioonipump, paisupaak ,kaitseklapp, automaatne tuhaeemalduss\u00fcsteem, isepuhastuv pelletip\u00f5leti, automaatne soojusvaheti puhastus ,automaatne pelleti etteanne, automaatne s\u00fc\u00fctamine","og_url":"https:\/\/moderator.ee\/toode\/taisautomaatne-pelletikatel-lidya-compact-25-prestige\/","og_site_name":"Keskonnas\u00f5bralikud k\u00fcttes\u00fcsteemid","article_publisher":"https:\/\/www.facebook.com\/Moderator-O%c3%9c-652151178237147\/?fref=ts","article_modified_time":"2025-06-30T22:09:23+00:00","og_image":[{"width":300,"height":356,"url":"https:\/\/moderator.ee\/wp-content\/uploads\/2023\/03\/lidya-compact-prestige-300x356-1.png","type":"image\/png"}],"twitter_card":"summary_large_image","twitter_misc":{"Est. reading time":"1 minute"},"schema":{"@context":"https:\/\/schema.org","@graph":[{"@type":"WebPage","@id":"https:\/\/moderator.ee\/toode\/taisautomaatne-pelletikatel-lidya-compact-25-prestige\/","url":"https:\/\/moderator.ee\/toode\/taisautomaatne-pelletikatel-lidya-compact-25-prestige\/","name":"Pelletikatel LIDYA COMPACT 15 PRESTIGE - Keskonnas\u00f5bralikud k\u00fcttes\u00fcsteemid","isPartOf":{"@id":"https:\/\/moderator.ee\/#website"},"primaryImageOfPage":{"@id":"https:\/\/moderator.ee\/toode\/taisautomaatne-pelletikatel-lidya-compact-25-prestige\/#primaryimage"},"image":{"@id":"https:\/\/moderator.ee\/toode\/taisautomaatne-pelletikatel-lidya-compact-25-prestige\/#primaryimage"},"thumbnailUrl":"https:\/\/moderator.ee\/wp-content\/uploads\/2023\/03\/lidya-compact-prestige-300x356-1.png","datePublished":"2023-03-24T08:41:03+00:00","dateModified":"2025-06-30T22:09:23+00:00","description":"T\u00e4iskomplektne pelletikatel 25 kw.Komplektis tsirkulatsioonipump, paisupaak ,kaitseklapp, automaatne tuhaeemalduss\u00fcsteem, isepuhastuv pelletip\u00f5leti, automaatne soojusvaheti puhastus ,automaatne pelleti etteanne, automaatne s\u00fc\u00fctamine","breadcrumb":{"@id":"https:\/\/moderator.ee\/toode\/taisautomaatne-pelletikatel-lidya-compact-25-prestige\/#breadcrumb"},"inLanguage":"en-US","potentialAction":[{"@type":"ReadAction","target":["https:\/\/moderator.ee\/toode\/taisautomaatne-pelletikatel-lidya-compact-25-prestige\/"]}]},{"@type":"ImageObject","inLanguage":"en-US","@id":"https:\/\/moderator.ee\/toode\/taisautomaatne-pelletikatel-lidya-compact-25-prestige\/#primaryimage","url":"https:\/\/moderator.ee\/wp-content\/uploads\/2023\/03\/lidya-compact-prestige-300x356-1.png","contentUrl":"https:\/\/moderator.ee\/wp-content\/uploads\/2023\/03\/lidya-compact-prestige-300x356-1.png","width":300,"height":356},{"@type":"BreadcrumbList","@id":"https:\/\/moderator.ee\/toode\/taisautomaatne-pelletikatel-lidya-compact-25-prestige\/#breadcrumb","itemListElement":[{"@type":"ListItem","position":1,"name":"Home","item":"https:\/\/moderator.ee\/"},{"@type":"ListItem","position":2,"name":"Pood","item":"https:\/\/moderator.ee\/pood\/"},{"@type":"ListItem","position":3,"name":"Pelletikatel LIDYA COMPACT 15 PRESTIGE"}]},{"@type":"WebSite","@id":"https:\/\/moderator.ee\/#website","url":"https:\/\/moderator.ee\/","name":"Keskonnas\u00f5bralikud k\u00fcttes\u00fcsteemid","description":"Moderator O\u00dc  keskonnas\u00f5bralikud ja \u00f6konoomsed k\u00fcttes\u00fcsteemid","publisher":{"@id":"https:\/\/moderator.ee\/#organization"},"potentialAction":[{"@type":"SearchAction","target":{"@type":"EntryPoint","urlTemplate":"https:\/\/moderator.ee\/?s={search_term_string}"},"query-input":{"@type":"PropertyValueSpecification","valueRequired":true,"valueName":"search_term_string"}}],"inLanguage":"en-US"},{"@type":"Organization","@id":"https:\/\/moderator.ee\/#organization","name":"Moderator O\u00fc","url":"https:\/\/moderator.ee\/","logo":{"@type":"ImageObject","inLanguage":"en-US","@id":"https:\/\/moderator.ee\/#\/schema\/logo\/image\/","url":"https:\/\/moderator.ee\/wp-content\/uploads\/2016\/04\/Logog.png","contentUrl":"https:\/\/moderator.ee\/wp-content\/uploads\/2016\/04\/Logog.png","width":740,"height":705,"caption":"Moderator O\u00fc"},"image":{"@id":"https:\/\/moderator.ee\/#\/schema\/logo\/image\/"},"sameAs":["https:\/\/www.facebook.com\/Moderator-O\u00dc-652151178237147\/?fref=ts","https:\/\/youtu.be\/dC08JlNnEA0"]}]}},"_links":{"self":[{"href":"https:\/\/moderator.ee\/en\/wp-json\/wp\/v2\/product\/4071","targetHints":{"allow":["GET"]}}],"collection":[{"href":"https:\/\/moderator.ee\/en\/wp-json\/wp\/v2\/product"}],"about":[{"href":"https:\/\/moderator.ee\/en\/wp-json\/wp\/v2\/types\/product"}],"replies":[{"embeddable":true,"href":"https:\/\/moderator.ee\/en\/wp-json\/wp\/v2\/comments?post=4071"}],"wp:featuredmedia":[{"embeddable":true,"href":"https:\/\/moderator.ee\/en\/wp-json\/wp\/v2\/media\/4072"}],"wp:attachment":[{"href":"https:\/\/moderator.ee\/en\/wp-json\/wp\/v2\/media?parent=4071"}],"wp:term":[{"taxonomy":"product_brand","embeddable":true,"href":"https:\/\/moderator.ee\/en\/wp-json\/wp\/v2\/product_brand?post=4071"},{"taxonomy":"product_cat","embeddable":true,"href":"https:\/\/moderator.ee\/en\/wp-json\/wp\/v2\/product_cat?post=4071"},{"taxonomy":"product_tag","embeddable":true,"href":"https:\/\/moderator.ee\/en\/wp-json\/wp\/v2\/product_tag?post=4071"}],"curies":[{"name":"wp","href":"https:\/\/api.w.org\/{rel}","templated":true}]}}